{"id":660,"date":"2022-02-03T16:58:21","date_gmt":"2022-02-03T14:58:21","guid":{"rendered":"https:\/\/www.piipposhop.com\/?post_type=product&#038;p=660"},"modified":"2024-02-10T10:14:22","modified_gmt":"2024-02-10T08:14:22","slug":"synthetic-hemp-black-36mm-sold-by-meters","status":"publish","type":"product","link":"https:\/\/www.piipposhop.com\/en\/product\/synthetic-hemp-black-36mm-sold-by-meters\/","title":{"rendered":"Synthetic hemp black 36mm sold by meters"},"content":{"rendered":"<p>Synthetic railing and decorative ropes are a long-lasting choice. The popularity of hampex can be explained by the durable and resistant material. All of our railing and decorative ropes are suitable for outdoor use and are totally maintenance free. Made with modern technology, the synthetic hampex looks like genuine hemp and is difficult to distinguish from the genuine hemp by looks alone.<\/p>\n<p>These ropes will not shrink or mold and the UV resistance is very high. We recommend them for those looking for easy, long-lasting and attractive railing ropes. Please take a look at our expanded range of railing rope accessories.<\/p>\n<p>Remember to follow all local safety regulations regulated by the ministry of environment if you plan to install a rope in a building.<\/p>\n","protected":false},"excerpt":{"rendered":"<p>Synthetic railing and decorative ropes are a long-lasting choice. The popularity of hampex can be explained by the durable and resistant material. All of our railing and decorative ropes are suitable for outdoor use and are totally maintenance free. Made with modern technology, the synthetic hampex looks like genuine hemp and is difficult to distinguish from the genuine hemp by looks alone.<\/p>\n<p>Fill in the quantity you need in meters in the quantity field. Full meters only!<\/p>\n","protected":false},"featured_media":591,"template":"","meta":[],"product_brand":[],"product_cat":[863,211,999],"product_tag":[681,946],"class_list":{"0":"post-660","1":"product","2":"type-product","3":"status-publish","4":"has-post-thumbnail","6":"product_cat-kaide-ja-sisustuskoydet-en","7":"product_cat-railing-and-decorative-ropes","8":"product_cat-ropes-per-meter","9":"product_tag-outdoor-use","10":"product_tag-sisustuskoysi-en","12":"first","13":"instock","14":"taxable","15":"shipping-taxable","16":"purchasable","17":"product-type-simple"},"yoast_head":"<!-- This site is optimized with the Yoast SEO plugin v27.2 - https:\/\/yoast.com\/product\/yoast-seo-wordpress\/ -->\n<title>Synthetic hemp black 36mm sold by meters - PiippoShop | Manilla Oy<\/title>\n<meta name=\"robots\" content=\"index, follow, max-snippet:-1, max-image-preview:large, max-video-preview:-1\" \/>\n<link rel=\"canonical\" href=\"https:\/\/www.piipposhop.com\/en\/product\/synthetic-hemp-black-36mm-sold-by-meters\/\" \/>\n<meta property=\"og:locale\" content=\"en_US\" \/>\n<meta property=\"og:type\" content=\"article\" \/>\n<meta property=\"og:title\" content=\"Synthetic hemp black 36mm sold by meters - PiippoShop | Manilla Oy\" \/>\n<meta property=\"og:description\" content=\"Synthetic railing and decorative ropes are a long-lasting choice. The popularity of hampex can be explained by the durable and resistant material. All of our railing and decorative ropes are suitable for outdoor use and are totally maintenance free. Made with modern technology, the synthetic hampex looks like genuine hemp and is difficult to distinguish from the genuine hemp by looks alone.  Fill in the quantity you need in meters in the quantity field. Full meters only!\" \/>\n<meta property=\"og:url\" content=\"https:\/\/www.piipposhop.com\/en\/product\/synthetic-hemp-black-36mm-sold-by-meters\/\" \/>\n<meta property=\"og:site_name\" content=\"PiippoShop | Manilla Oy\" \/>\n<meta property=\"article:modified_time\" content=\"2024-02-10T08:14:22+00:00\" \/>\n<meta property=\"og:image\" content=\"https:\/\/www.piipposhop.com\/content\/uploads\/2022\/02\/6408586890772_746-scaled.jpg\" \/>\n\t<meta property=\"og:image:width\" content=\"2560\" \/>\n\t<meta property=\"og:image:height\" content=\"1707\" \/>\n\t<meta property=\"og:image:type\" content=\"image\/jpeg\" \/>\n<meta name=\"twitter:card\" content=\"summary_large_image\" \/>\n<meta name=\"twitter:label1\" content=\"Est. reading time\" \/>\n\t<meta name=\"twitter:data1\" content=\"1 minute\" \/>\n<script type=\"application\/ld+json\" class=\"yoast-schema-graph\">{\"@context\":\"https:\/\/schema.org\",\"@graph\":[{\"@type\":\"WebPage\",\"@id\":\"https:\/\/www.piipposhop.com\/en\/product\/synthetic-hemp-black-36mm-sold-by-meters\/\",\"url\":\"https:\/\/www.piipposhop.com\/en\/product\/synthetic-hemp-black-36mm-sold-by-meters\/\",\"name\":\"Synthetic hemp black 36mm sold by meters - PiippoShop | Manilla Oy\",\"isPartOf\":{\"@id\":\"https:\/\/www.piipposhop.com\/en\/#website\"},\"primaryImageOfPage\":{\"@id\":\"https:\/\/www.piipposhop.com\/en\/product\/synthetic-hemp-black-36mm-sold-by-meters\/#primaryimage\"},\"image\":{\"@id\":\"https:\/\/www.piipposhop.com\/en\/product\/synthetic-hemp-black-36mm-sold-by-meters\/#primaryimage\"},\"thumbnailUrl\":\"https:\/\/www.piipposhop.com\/content\/uploads\/2022\/02\/6408586890772_746-scaled.jpg\",\"datePublished\":\"2022-02-03T14:58:21+00:00\",\"dateModified\":\"2024-02-10T08:14:22+00:00\",\"breadcrumb\":{\"@id\":\"https:\/\/www.piipposhop.com\/en\/product\/synthetic-hemp-black-36mm-sold-by-meters\/#breadcrumb\"},\"inLanguage\":\"en-US\",\"potentialAction\":[{\"@type\":\"ReadAction\",\"target\":[\"https:\/\/www.piipposhop.com\/en\/product\/synthetic-hemp-black-36mm-sold-by-meters\/\"]}]},{\"@type\":\"ImageObject\",\"inLanguage\":\"en-US\",\"@id\":\"https:\/\/www.piipposhop.com\/en\/product\/synthetic-hemp-black-36mm-sold-by-meters\/#primaryimage\",\"url\":\"https:\/\/www.piipposhop.com\/content\/uploads\/2022\/02\/6408586890772_746-scaled.jpg\",\"contentUrl\":\"https:\/\/www.piipposhop.com\/content\/uploads\/2022\/02\/6408586890772_746-scaled.jpg\",\"width\":2560,\"height\":1707,\"caption\":\"paksu k\u00f6ysi, k\u00f6ysitolppa, k\u00f6ysikaide, k\u00f6ysi ulkok\u00e4ytt\u00f6\u00f6n - Piipposhop\"},{\"@type\":\"BreadcrumbList\",\"@id\":\"https:\/\/www.piipposhop.com\/en\/product\/synthetic-hemp-black-36mm-sold-by-meters\/#breadcrumb\",\"itemListElement\":[{\"@type\":\"ListItem\",\"position\":1,\"name\":\"Frontpage\",\"item\":\"https:\/\/www.piipposhop.com\/en\/\"},{\"@type\":\"ListItem\",\"position\":2,\"name\":\"Products\",\"item\":\"https:\/\/www.piipposhop.com\/en\/products\/\"},{\"@type\":\"ListItem\",\"position\":3,\"name\":\"Railing and decorative ropes\",\"item\":\"https:\/\/www.piipposhop.com\/en\/product-category\/railing-and-decorative-ropes\/\"},{\"@type\":\"ListItem\",\"position\":4,\"name\":\"Synthetic hemp black 36mm sold by meters\"}]},{\"@type\":\"WebSite\",\"@id\":\"https:\/\/www.piipposhop.com\/en\/#website\",\"url\":\"https:\/\/www.piipposhop.com\/en\/\",\"name\":\"PiippoShop | Manilla Oy\",\"description\":\"Yli 350 tuotetta sitomiseen, kiinnitt\u00e4miseen ja nostamiseen\",\"potentialAction\":[{\"@type\":\"SearchAction\",\"target\":{\"@type\":\"EntryPoint\",\"urlTemplate\":\"https:\/\/www.piipposhop.com\/en\/?s={search_term_string}\"},\"query-input\":{\"@type\":\"PropertyValueSpecification\",\"valueRequired\":true,\"valueName\":\"search_term_string\"}}],\"inLanguage\":\"en-US\"}]}<\/script>\n<!-- \/ Yoast SEO plugin. -->","yoast_head_json":{"title":"Synthetic hemp black 36mm sold by meters - PiippoShop | Manilla Oy","robots":{"index":"index","follow":"follow","max-snippet":"max-snippet:-1","max-image-preview":"max-image-preview:large","max-video-preview":"max-video-preview:-1"},"canonical":"https:\/\/www.piipposhop.com\/en\/product\/synthetic-hemp-black-36mm-sold-by-meters\/","og_locale":"en_US","og_type":"article","og_title":"Synthetic hemp black 36mm sold by meters - PiippoShop | Manilla Oy","og_description":"Synthetic railing and decorative ropes are a long-lasting choice. The popularity of hampex can be explained by the durable and resistant material. All of our railing and decorative ropes are suitable for outdoor use and are totally maintenance free. Made with modern technology, the synthetic hampex looks like genuine hemp and is difficult to distinguish from the genuine hemp by looks alone.  Fill in the quantity you need in meters in the quantity field. Full meters only!","og_url":"https:\/\/www.piipposhop.com\/en\/product\/synthetic-hemp-black-36mm-sold-by-meters\/","og_site_name":"PiippoShop | Manilla Oy","article_modified_time":"2024-02-10T08:14:22+00:00","og_image":[{"width":2560,"height":1707,"url":"https:\/\/www.piipposhop.com\/content\/uploads\/2022\/02\/6408586890772_746-scaled.jpg","type":"image\/jpeg"}],"twitter_card":"summary_large_image","twitter_misc":{"Est. reading time":"1 minute"},"schema":{"@context":"https:\/\/schema.org","@graph":[{"@type":"WebPage","@id":"https:\/\/www.piipposhop.com\/en\/product\/synthetic-hemp-black-36mm-sold-by-meters\/","url":"https:\/\/www.piipposhop.com\/en\/product\/synthetic-hemp-black-36mm-sold-by-meters\/","name":"Synthetic hemp black 36mm sold by meters - PiippoShop | Manilla Oy","isPartOf":{"@id":"https:\/\/www.piipposhop.com\/en\/#website"},"primaryImageOfPage":{"@id":"https:\/\/www.piipposhop.com\/en\/product\/synthetic-hemp-black-36mm-sold-by-meters\/#primaryimage"},"image":{"@id":"https:\/\/www.piipposhop.com\/en\/product\/synthetic-hemp-black-36mm-sold-by-meters\/#primaryimage"},"thumbnailUrl":"https:\/\/www.piipposhop.com\/content\/uploads\/2022\/02\/6408586890772_746-scaled.jpg","datePublished":"2022-02-03T14:58:21+00:00","dateModified":"2024-02-10T08:14:22+00:00","breadcrumb":{"@id":"https:\/\/www.piipposhop.com\/en\/product\/synthetic-hemp-black-36mm-sold-by-meters\/#breadcrumb"},"inLanguage":"en-US","potentialAction":[{"@type":"ReadAction","target":["https:\/\/www.piipposhop.com\/en\/product\/synthetic-hemp-black-36mm-sold-by-meters\/"]}]},{"@type":"ImageObject","inLanguage":"en-US","@id":"https:\/\/www.piipposhop.com\/en\/product\/synthetic-hemp-black-36mm-sold-by-meters\/#primaryimage","url":"https:\/\/www.piipposhop.com\/content\/uploads\/2022\/02\/6408586890772_746-scaled.jpg","contentUrl":"https:\/\/www.piipposhop.com\/content\/uploads\/2022\/02\/6408586890772_746-scaled.jpg","width":2560,"height":1707,"caption":"paksu k\u00f6ysi, k\u00f6ysitolppa, k\u00f6ysikaide, k\u00f6ysi ulkok\u00e4ytt\u00f6\u00f6n - Piipposhop"},{"@type":"BreadcrumbList","@id":"https:\/\/www.piipposhop.com\/en\/product\/synthetic-hemp-black-36mm-sold-by-meters\/#breadcrumb","itemListElement":[{"@type":"ListItem","position":1,"name":"Frontpage","item":"https:\/\/www.piipposhop.com\/en\/"},{"@type":"ListItem","position":2,"name":"Products","item":"https:\/\/www.piipposhop.com\/en\/products\/"},{"@type":"ListItem","position":3,"name":"Railing and decorative ropes","item":"https:\/\/www.piipposhop.com\/en\/product-category\/railing-and-decorative-ropes\/"},{"@type":"ListItem","position":4,"name":"Synthetic hemp black 36mm sold by meters"}]},{"@type":"WebSite","@id":"https:\/\/www.piipposhop.com\/en\/#website","url":"https:\/\/www.piipposhop.com\/en\/","name":"PiippoShop | Manilla Oy","description":"Yli 350 tuotetta sitomiseen, kiinnitt\u00e4miseen ja nostamiseen","potentialAction":[{"@type":"SearchAction","target":{"@type":"EntryPoint","urlTemplate":"https:\/\/www.piipposhop.com\/en\/?s={search_term_string}"},"query-input":{"@type":"PropertyValueSpecification","valueRequired":true,"valueName":"search_term_string"}}],"inLanguage":"en-US"}]}},"_links":{"self":[{"href":"https:\/\/www.piipposhop.com\/en\/wp-json\/wp\/v2\/product\/660","targetHints":{"allow":["GET"]}}],"collection":[{"href":"https:\/\/www.piipposhop.com\/en\/wp-json\/wp\/v2\/product"}],"about":[{"href":"https:\/\/www.piipposhop.com\/en\/wp-json\/wp\/v2\/types\/product"}],"wp:featuredmedia":[{"embeddable":true,"href":"https:\/\/www.piipposhop.com\/en\/wp-json\/wp\/v2\/media\/591"}],"wp:attachment":[{"href":"https:\/\/www.piipposhop.com\/en\/wp-json\/wp\/v2\/media?parent=660"}],"wp:term":[{"taxonomy":"product_brand","embeddable":true,"href":"https:\/\/www.piipposhop.com\/en\/wp-json\/wp\/v2\/product_brand?post=660"},{"taxonomy":"product_cat","embeddable":true,"href":"https:\/\/www.piipposhop.com\/en\/wp-json\/wp\/v2\/product_cat?post=660"},{"taxonomy":"product_tag","embeddable":true,"href":"https:\/\/www.piipposhop.com\/en\/wp-json\/wp\/v2\/product_tag?post=660"}],"curies":[{"name":"wp","href":"https:\/\/api.w.org\/{rel}","templated":true}]}}