{"id":4839,"date":"2024-07-01T15:30:06","date_gmt":"2024-07-01T12:30:06","guid":{"rendered":"https:\/\/www.piipposhop.com\/tuote\/keinohamppu-helmenharmaa-36-mm-useita-eri-pituuksia-40-m-36-mm\/"},"modified":"2024-07-01T15:51:23","modified_gmt":"2024-07-01T12:51:23","slug":"synthetic-hemp-grey-36mm-x-40m","status":"publish","type":"product","link":"https:\/\/www.piipposhop.com\/en\/product\/synthetic-hemp-grey-36mm-x-40m\/","title":{"rendered":"Synthetic hemp grey 36mm x 40m"},"content":{"rendered":"<p>Synthetic railing and decorative ropes are a long-lasting choice.<br \/>\nThe popularity of hampex can be explained by the durable and resistant material.<br \/>\nAll of our railing and decorative ropes are suitable for outdoor use and are totally maintenance free.<br \/>\nMade with modern technology, the synthetic hampex looks like genuine hemp and is difficult to distinguish from the genuine hemp by looks alone.<br \/>\nBreaking Strength 9000 kg. These ropes will not shrink or mold and the UV resistance is very high.<br \/>\nWe recommend them for those looking for easy, long-lasting and attractive railing ropes.<\/p>\n<p>Please take a look at our expanded range of railing rope accessories.<br \/>\nRemember to follow all local safety regulations regulated by the ministry of environment if you plan to install a rope in a building.<\/p>\n","protected":false},"excerpt":{"rendered":"<p>Synthetic railing and decorative ropes are a long-lasting choice. The popularity of hampex can<br \/>\nbe explained by the durable and resistant material. All of our railing and decorative ropes are suitable for outdoor use and are totally maintenance free. Made with modern technology, the synthetic hampex looks like genuine hemp and is difficult to distinguish from the genuine hemp by looks alone. Breaking Strength 9000 kg.<\/p>\n","protected":false},"featured_media":1704,"template":"","meta":[],"product_brand":[],"product_cat":[211,863],"product_tag":[561,947,609,552,608,944,657,229,681,946,949,611],"class_list":{"0":"post-4839","1":"product","2":"type-product","3":"status-publish","4":"has-post-thumbnail","6":"product_cat-railing-and-decorative-ropes","7":"product_cat-kaide-ja-sisustuskoydet-en","8":"product_tag-artificial-hemp","9":"product_tag-ei-tarvitse-kasitella-en","10":"product_tag-for-indoor-use","11":"product_tag-handrail-rope","12":"product_tag-interior-rope","13":"product_tag-kaidekoysi-en","14":"product_tag-long-lasting","15":"product_tag-maintenance-free","16":"product_tag-outdoor-use","17":"product_tag-sisustuskoysi-en","18":"product_tag-synteettinen-en","19":"product_tag-synthetic","21":"first","22":"instock","23":"taxable","24":"shipping-taxable","25":"purchasable","26":"product-type-simple"},"yoast_head":"<!-- This site is optimized with the Yoast SEO plugin v27.4 - https:\/\/yoast.com\/product\/yoast-seo-wordpress\/ -->\n<title>Synthetic hemp grey 36mm x 40m - PiippoShop | Manilla Oy<\/title>\n<meta name=\"robots\" content=\"index, follow, max-snippet:-1, max-image-preview:large, max-video-preview:-1\" \/>\n<link rel=\"canonical\" href=\"https:\/\/www.piipposhop.com\/en\/product\/synthetic-hemp-grey-36mm-x-40m\/\" \/>\n<meta property=\"og:locale\" content=\"en_US\" \/>\n<meta property=\"og:type\" content=\"article\" \/>\n<meta property=\"og:title\" content=\"Synthetic hemp grey 36mm x 40m - PiippoShop | Manilla Oy\" \/>\n<meta property=\"og:description\" content=\"Synthetic railing and decorative ropes are a long-lasting choice. The popularity of hampex can be explained by the durable and resistant material. All of our railing and decorative ropes are suitable for outdoor use and are totally maintenance free. Made with modern technology, the synthetic hampex looks like genuine hemp and is difficult to distinguish from the genuine hemp by looks alone. Breaking Strength 9000 kg.\" \/>\n<meta property=\"og:url\" content=\"https:\/\/www.piipposhop.com\/en\/product\/synthetic-hemp-grey-36mm-x-40m\/\" \/>\n<meta property=\"og:site_name\" content=\"PiippoShop | Manilla Oy\" \/>\n<meta property=\"article:modified_time\" content=\"2024-07-01T12:51:23+00:00\" \/>\n<meta property=\"og:image\" content=\"https:\/\/www.piipposhop.com\/content\/uploads\/2022\/02\/6408586890710_443-scaled.jpg\" \/>\n\t<meta property=\"og:image:width\" content=\"2560\" \/>\n\t<meta property=\"og:image:height\" content=\"1707\" \/>\n\t<meta property=\"og:image:type\" content=\"image\/jpeg\" \/>\n<meta name=\"twitter:card\" content=\"summary_large_image\" \/>\n<meta name=\"twitter:label1\" content=\"Est. reading time\" \/>\n\t<meta name=\"twitter:data1\" content=\"1 minute\" \/>\n<script type=\"application\/ld+json\" class=\"yoast-schema-graph\">{\"@context\":\"https:\\\/\\\/schema.org\",\"@graph\":[{\"@type\":\"WebPage\",\"@id\":\"https:\\\/\\\/www.piipposhop.com\\\/en\\\/product\\\/synthetic-hemp-grey-36mm-x-40m\\\/\",\"url\":\"https:\\\/\\\/www.piipposhop.com\\\/en\\\/product\\\/synthetic-hemp-grey-36mm-x-40m\\\/\",\"name\":\"Synthetic hemp grey 36mm x 40m - PiippoShop | Manilla Oy\",\"isPartOf\":{\"@id\":\"https:\\\/\\\/www.piipposhop.com\\\/en\\\/#website\"},\"primaryImageOfPage\":{\"@id\":\"https:\\\/\\\/www.piipposhop.com\\\/en\\\/product\\\/synthetic-hemp-grey-36mm-x-40m\\\/#primaryimage\"},\"image\":{\"@id\":\"https:\\\/\\\/www.piipposhop.com\\\/en\\\/product\\\/synthetic-hemp-grey-36mm-x-40m\\\/#primaryimage\"},\"thumbnailUrl\":\"https:\\\/\\\/www.piipposhop.com\\\/content\\\/uploads\\\/2022\\\/02\\\/6408586890710_443-scaled.jpg\",\"datePublished\":\"2024-07-01T12:30:06+00:00\",\"dateModified\":\"2024-07-01T12:51:23+00:00\",\"breadcrumb\":{\"@id\":\"https:\\\/\\\/www.piipposhop.com\\\/en\\\/product\\\/synthetic-hemp-grey-36mm-x-40m\\\/#breadcrumb\"},\"inLanguage\":\"en-US\",\"potentialAction\":[{\"@type\":\"ReadAction\",\"target\":[\"https:\\\/\\\/www.piipposhop.com\\\/en\\\/product\\\/synthetic-hemp-grey-36mm-x-40m\\\/\"]}]},{\"@type\":\"ImageObject\",\"inLanguage\":\"en-US\",\"@id\":\"https:\\\/\\\/www.piipposhop.com\\\/en\\\/product\\\/synthetic-hemp-grey-36mm-x-40m\\\/#primaryimage\",\"url\":\"https:\\\/\\\/www.piipposhop.com\\\/content\\\/uploads\\\/2022\\\/02\\\/6408586890710_443-scaled.jpg\",\"contentUrl\":\"https:\\\/\\\/www.piipposhop.com\\\/content\\\/uploads\\\/2022\\\/02\\\/6408586890710_443-scaled.jpg\",\"width\":2560,\"height\":1707,\"caption\":\"Kaidek\u00f6ysi, tolppak\u00f6ysi, hamppuk\u00f6ysi, sisustusk\u00f6ysi - Piipposhop\"},{\"@type\":\"BreadcrumbList\",\"@id\":\"https:\\\/\\\/www.piipposhop.com\\\/en\\\/product\\\/synthetic-hemp-grey-36mm-x-40m\\\/#breadcrumb\",\"itemListElement\":[{\"@type\":\"ListItem\",\"position\":1,\"name\":\"Frontpage\",\"item\":\"https:\\\/\\\/www.piipposhop.com\\\/en\\\/\"},{\"@type\":\"ListItem\",\"position\":2,\"name\":\"Products\",\"item\":\"https:\\\/\\\/www.piipposhop.com\\\/en\\\/products\\\/\"},{\"@type\":\"ListItem\",\"position\":3,\"name\":\"Synthetic hemp grey 36mm, many lengths\",\"item\":\"https:\\\/\\\/www.piipposhop.com\\\/en\\\/product\\\/synthetic-hemp-grey-36mm-many-lengths\\\/\"},{\"@type\":\"ListItem\",\"position\":4,\"name\":\"Synthetic hemp grey 36mm x 40m\"}]},{\"@type\":\"WebSite\",\"@id\":\"https:\\\/\\\/www.piipposhop.com\\\/en\\\/#website\",\"url\":\"https:\\\/\\\/www.piipposhop.com\\\/en\\\/\",\"name\":\"PiippoShop | Manilla Oy\",\"description\":\"Yli 350 tuotetta sitomiseen, kiinnitt\u00e4miseen ja nostamiseen\",\"potentialAction\":[{\"@type\":\"SearchAction\",\"target\":{\"@type\":\"EntryPoint\",\"urlTemplate\":\"https:\\\/\\\/www.piipposhop.com\\\/en\\\/?s={search_term_string}\"},\"query-input\":{\"@type\":\"PropertyValueSpecification\",\"valueRequired\":true,\"valueName\":\"search_term_string\"}}],\"inLanguage\":\"en-US\"}]}<\/script>\n<!-- \/ Yoast SEO plugin. -->","yoast_head_json":{"title":"Synthetic hemp grey 36mm x 40m - PiippoShop | Manilla Oy","robots":{"index":"index","follow":"follow","max-snippet":"max-snippet:-1","max-image-preview":"max-image-preview:large","max-video-preview":"max-video-preview:-1"},"canonical":"https:\/\/www.piipposhop.com\/en\/product\/synthetic-hemp-grey-36mm-x-40m\/","og_locale":"en_US","og_type":"article","og_title":"Synthetic hemp grey 36mm x 40m - PiippoShop | Manilla Oy","og_description":"Synthetic railing and decorative ropes are a long-lasting choice. The popularity of hampex can be explained by the durable and resistant material. All of our railing and decorative ropes are suitable for outdoor use and are totally maintenance free. Made with modern technology, the synthetic hampex looks like genuine hemp and is difficult to distinguish from the genuine hemp by looks alone. Breaking Strength 9000 kg.","og_url":"https:\/\/www.piipposhop.com\/en\/product\/synthetic-hemp-grey-36mm-x-40m\/","og_site_name":"PiippoShop | Manilla Oy","article_modified_time":"2024-07-01T12:51:23+00:00","og_image":[{"width":2560,"height":1707,"url":"https:\/\/www.piipposhop.com\/content\/uploads\/2022\/02\/6408586890710_443-scaled.jpg","type":"image\/jpeg"}],"twitter_card":"summary_large_image","twitter_misc":{"Est. reading time":"1 minute"},"schema":{"@context":"https:\/\/schema.org","@graph":[{"@type":"WebPage","@id":"https:\/\/www.piipposhop.com\/en\/product\/synthetic-hemp-grey-36mm-x-40m\/","url":"https:\/\/www.piipposhop.com\/en\/product\/synthetic-hemp-grey-36mm-x-40m\/","name":"Synthetic hemp grey 36mm x 40m - PiippoShop | Manilla Oy","isPartOf":{"@id":"https:\/\/www.piipposhop.com\/en\/#website"},"primaryImageOfPage":{"@id":"https:\/\/www.piipposhop.com\/en\/product\/synthetic-hemp-grey-36mm-x-40m\/#primaryimage"},"image":{"@id":"https:\/\/www.piipposhop.com\/en\/product\/synthetic-hemp-grey-36mm-x-40m\/#primaryimage"},"thumbnailUrl":"https:\/\/www.piipposhop.com\/content\/uploads\/2022\/02\/6408586890710_443-scaled.jpg","datePublished":"2024-07-01T12:30:06+00:00","dateModified":"2024-07-01T12:51:23+00:00","breadcrumb":{"@id":"https:\/\/www.piipposhop.com\/en\/product\/synthetic-hemp-grey-36mm-x-40m\/#breadcrumb"},"inLanguage":"en-US","potentialAction":[{"@type":"ReadAction","target":["https:\/\/www.piipposhop.com\/en\/product\/synthetic-hemp-grey-36mm-x-40m\/"]}]},{"@type":"ImageObject","inLanguage":"en-US","@id":"https:\/\/www.piipposhop.com\/en\/product\/synthetic-hemp-grey-36mm-x-40m\/#primaryimage","url":"https:\/\/www.piipposhop.com\/content\/uploads\/2022\/02\/6408586890710_443-scaled.jpg","contentUrl":"https:\/\/www.piipposhop.com\/content\/uploads\/2022\/02\/6408586890710_443-scaled.jpg","width":2560,"height":1707,"caption":"Kaidek\u00f6ysi, tolppak\u00f6ysi, hamppuk\u00f6ysi, sisustusk\u00f6ysi - Piipposhop"},{"@type":"BreadcrumbList","@id":"https:\/\/www.piipposhop.com\/en\/product\/synthetic-hemp-grey-36mm-x-40m\/#breadcrumb","itemListElement":[{"@type":"ListItem","position":1,"name":"Frontpage","item":"https:\/\/www.piipposhop.com\/en\/"},{"@type":"ListItem","position":2,"name":"Products","item":"https:\/\/www.piipposhop.com\/en\/products\/"},{"@type":"ListItem","position":3,"name":"Synthetic hemp grey 36mm, many lengths","item":"https:\/\/www.piipposhop.com\/en\/product\/synthetic-hemp-grey-36mm-many-lengths\/"},{"@type":"ListItem","position":4,"name":"Synthetic hemp grey 36mm x 40m"}]},{"@type":"WebSite","@id":"https:\/\/www.piipposhop.com\/en\/#website","url":"https:\/\/www.piipposhop.com\/en\/","name":"PiippoShop | Manilla Oy","description":"Yli 350 tuotetta sitomiseen, kiinnitt\u00e4miseen ja nostamiseen","potentialAction":[{"@type":"SearchAction","target":{"@type":"EntryPoint","urlTemplate":"https:\/\/www.piipposhop.com\/en\/?s={search_term_string}"},"query-input":{"@type":"PropertyValueSpecification","valueRequired":true,"valueName":"search_term_string"}}],"inLanguage":"en-US"}]}},"_links":{"self":[{"href":"https:\/\/www.piipposhop.com\/en\/wp-json\/wp\/v2\/product\/4839","targetHints":{"allow":["GET"]}}],"collection":[{"href":"https:\/\/www.piipposhop.com\/en\/wp-json\/wp\/v2\/product"}],"about":[{"href":"https:\/\/www.piipposhop.com\/en\/wp-json\/wp\/v2\/types\/product"}],"wp:featuredmedia":[{"embeddable":true,"href":"https:\/\/www.piipposhop.com\/en\/wp-json\/wp\/v2\/media\/1704"}],"wp:attachment":[{"href":"https:\/\/www.piipposhop.com\/en\/wp-json\/wp\/v2\/media?parent=4839"}],"wp:term":[{"taxonomy":"product_brand","embeddable":true,"href":"https:\/\/www.piipposhop.com\/en\/wp-json\/wp\/v2\/product_brand?post=4839"},{"taxonomy":"product_cat","embeddable":true,"href":"https:\/\/www.piipposhop.com\/en\/wp-json\/wp\/v2\/product_cat?post=4839"},{"taxonomy":"product_tag","embeddable":true,"href":"https:\/\/www.piipposhop.com\/en\/wp-json\/wp\/v2\/product_tag?post=4839"}],"curies":[{"name":"wp","href":"https:\/\/api.w.org\/{rel}","templated":true}]}}