{"id":4575,"date":"2024-04-26T10:36:33","date_gmt":"2024-04-26T07:36:33","guid":{"rendered":"https:\/\/www.piipposhop.com\/?post_type=product&#038;p=4575"},"modified":"2026-03-27T14:23:05","modified_gmt":"2026-03-27T12:23:05","slug":"hmpe-12mm-x-90m-metreittain","status":"publish","type":"product","link":"https:\/\/www.piipposhop.com\/en\/product\/hmpe-12mm-x-90m-metreittain\/","title":{"rendered":"HMPE &#8211; 12mm, metreitt\u00e4in"},"content":{"rendered":"<p>Kest\u00e4v\u00e4 k\u00f6ysi \u00e4\u00e4rimm\u00e4isen vaativaan k\u00e4ytt\u00f6\u00f6n! Teknisist\u00e4 HMPE -kuiduista tehdyn k\u00f6yden venym\u00e4 on l\u00e4hes olematonta. HMPE -k\u00f6yden etuja on loistava UV-kesto, eritt\u00e4in hyv\u00e4 kemikaalien kest\u00e4vyys sek\u00e4 materiaalin keveys. Erinomainen valinta vinssik\u00f6ydeksi, kaapelinvetoon, teollisuuteen sek\u00e4 korvaamaan painavia ketjuja. Pakkauksessa 90 metri\u00e4 12mm paksua keltaista HMPE -k\u00f6ytt\u00e4. Murtolujuus 16500kg!<\/p>\n","protected":false},"excerpt":{"rendered":"<div class=\"woocommerce-product-details__short-description\">\n<p>HMPE-k\u00f6ysi on l\u00e4hes yht\u00e4 vahvaa kuin vaijeri, mutta huomattavasti vetre\u00e4mp\u00e4\u00e4 ja mukavampaa k\u00e4sitell\u00e4. Murtolujuus 16500kg. HMPE-k\u00f6yden UV-kest\u00e4vyys on huippuluokkaa: voimakkaassa UV-valossa HMPE-k\u00f6yden vetomurtolujuus puolittuu noin 15 vuodessa!<\/p>\n<p><strong>Anna tarvitsemasi metrim\u00e4\u00e4r\u00e4 kentt\u00e4\u00e4n \u201dm\u00e4\u00e4r\u00e4\u201d t\u00e4ysin\u00e4 metrein\u00e4.<\/strong><\/p>\n<p>Huomioithan, ett\u00e4 m\u00e4\u00e4r\u00e4mittaan leikatulla k\u00f6ydell\u00e4 ei ole palautusoikeutta.<\/p>\n<\/div>\n","protected":false},"featured_media":22189,"template":"","meta":[],"product_brand":[],"product_cat":[839,999,208],"product_tag":[821,822,823,824,825,826,827,828,829,830,831,832,833],"class_list":{"0":"post-4575","1":"product","2":"type-product","3":"status-publish","4":"has-post-thumbnail","6":"product_cat-hmpe-koydet-en","7":"product_cat-ropes-per-meter","8":"product_cat-synthetic-ropes","9":"product_tag-almost-unstrechable-2-en","10":"product_tag-cable-installing-2-en","11":"product_tag-durable-2-en","12":"product_tag-excellent-resistance-to-chemicals-2-en","13":"product_tag-fibre-2-en","14":"product_tag-great-uv-resistance-en-2","15":"product_tag-heavy-chain-2-en","16":"product_tag-industry-2-en","17":"product_tag-light-material-2-en","18":"product_tag-rope-2-en","19":"product_tag-ropes-2-en","20":"product_tag-technical-2-en","21":"product_tag-winch-rope-2-en","23":"first","24":"instock","25":"taxable","26":"shipping-taxable","27":"purchasable","28":"product-type-simple"},"yoast_head":"<!-- This site is optimized with the Yoast SEO plugin v27.2 - https:\/\/yoast.com\/product\/yoast-seo-wordpress\/ -->\n<title>HMPE - 12mm, metreitt\u00e4in - PiippoShop | Manilla Oy<\/title>\n<meta name=\"robots\" content=\"index, follow, max-snippet:-1, max-image-preview:large, max-video-preview:-1\" \/>\n<link rel=\"canonical\" href=\"https:\/\/www.piipposhop.com\/en\/product\/hmpe-12mm-x-90m-metreittain\/\" \/>\n<meta property=\"og:locale\" content=\"en_US\" \/>\n<meta property=\"og:type\" content=\"article\" \/>\n<meta property=\"og:title\" content=\"HMPE - 12mm, metreitt\u00e4in - PiippoShop | Manilla Oy\" \/>\n<meta property=\"og:description\" content=\"HMPE-k\u00f6ysi on l\u00e4hes yht\u00e4 vahvaa kuin vaijeri, mutta huomattavasti vetre\u00e4mp\u00e4\u00e4 ja mukavampaa k\u00e4sitell\u00e4. Murtolujuus 16500kg. HMPE-k\u00f6yden UV-kest\u00e4vyys on huippuluokkaa: voimakkaassa UV-valossa HMPE-k\u00f6yden vetomurtolujuus puolittuu noin 15 vuodessa!  Anna tarvitsemasi metrim\u00e4\u00e4r\u00e4 kentt\u00e4\u00e4n \u201dm\u00e4\u00e4r\u00e4\u201d t\u00e4ysin\u00e4 metrein\u00e4.  Huomioithan, ett\u00e4 m\u00e4\u00e4r\u00e4mittaan leikatulla k\u00f6ydell\u00e4 ei ole palautusoikeutta.\" \/>\n<meta property=\"og:url\" content=\"https:\/\/www.piipposhop.com\/en\/product\/hmpe-12mm-x-90m-metreittain\/\" \/>\n<meta property=\"og:site_name\" content=\"PiippoShop | Manilla Oy\" \/>\n<meta property=\"article:modified_time\" content=\"2026-03-27T12:23:05+00:00\" \/>\n<meta property=\"og:image\" content=\"https:\/\/www.piipposhop.com\/content\/uploads\/2024\/04\/HMPE_valiaikainen-kuva-scaled.png\" \/>\n\t<meta property=\"og:image:width\" content=\"2560\" \/>\n\t<meta property=\"og:image:height\" content=\"1920\" \/>\n\t<meta property=\"og:image:type\" content=\"image\/png\" \/>\n<meta name=\"twitter:card\" content=\"summary_large_image\" \/>\n<script type=\"application\/ld+json\" class=\"yoast-schema-graph\">{\"@context\":\"https:\/\/schema.org\",\"@graph\":[{\"@type\":\"WebPage\",\"@id\":\"https:\/\/www.piipposhop.com\/en\/product\/hmpe-12mm-x-90m-metreittain\/\",\"url\":\"https:\/\/www.piipposhop.com\/en\/product\/hmpe-12mm-x-90m-metreittain\/\",\"name\":\"HMPE - 12mm, metreitt\u00e4in - PiippoShop | Manilla Oy\",\"isPartOf\":{\"@id\":\"https:\/\/www.piipposhop.com\/en\/#website\"},\"primaryImageOfPage\":{\"@id\":\"https:\/\/www.piipposhop.com\/en\/product\/hmpe-12mm-x-90m-metreittain\/#primaryimage\"},\"image\":{\"@id\":\"https:\/\/www.piipposhop.com\/en\/product\/hmpe-12mm-x-90m-metreittain\/#primaryimage\"},\"thumbnailUrl\":\"https:\/\/www.piipposhop.com\/content\/uploads\/2024\/04\/HMPE_valiaikainen-kuva-scaled.png\",\"datePublished\":\"2024-04-26T07:36:33+00:00\",\"dateModified\":\"2026-03-27T12:23:05+00:00\",\"breadcrumb\":{\"@id\":\"https:\/\/www.piipposhop.com\/en\/product\/hmpe-12mm-x-90m-metreittain\/#breadcrumb\"},\"inLanguage\":\"en-US\",\"potentialAction\":[{\"@type\":\"ReadAction\",\"target\":[\"https:\/\/www.piipposhop.com\/en\/product\/hmpe-12mm-x-90m-metreittain\/\"]}]},{\"@type\":\"ImageObject\",\"inLanguage\":\"en-US\",\"@id\":\"https:\/\/www.piipposhop.com\/en\/product\/hmpe-12mm-x-90m-metreittain\/#primaryimage\",\"url\":\"https:\/\/www.piipposhop.com\/content\/uploads\/2024\/04\/HMPE_valiaikainen-kuva-scaled.png\",\"contentUrl\":\"https:\/\/www.piipposhop.com\/content\/uploads\/2024\/04\/HMPE_valiaikainen-kuva-scaled.png\",\"width\":2560,\"height\":1920},{\"@type\":\"BreadcrumbList\",\"@id\":\"https:\/\/www.piipposhop.com\/en\/product\/hmpe-12mm-x-90m-metreittain\/#breadcrumb\",\"itemListElement\":[{\"@type\":\"ListItem\",\"position\":1,\"name\":\"Frontpage\",\"item\":\"https:\/\/www.piipposhop.com\/en\/\"},{\"@type\":\"ListItem\",\"position\":2,\"name\":\"Products\",\"item\":\"https:\/\/www.piipposhop.com\/en\/products\/\"},{\"@type\":\"ListItem\",\"position\":3,\"name\":\"Synthetic ropes\",\"item\":\"https:\/\/www.piipposhop.com\/en\/product-category\/synthetic-ropes\/\"},{\"@type\":\"ListItem\",\"position\":4,\"name\":\"HMPE-Ropes\",\"item\":\"https:\/\/www.piipposhop.com\/en\/product-category\/hmpe-koydet-en\/\"},{\"@type\":\"ListItem\",\"position\":5,\"name\":\"HMPE &#8211; 12mm, metreitt\u00e4in\"}]},{\"@type\":\"WebSite\",\"@id\":\"https:\/\/www.piipposhop.com\/en\/#website\",\"url\":\"https:\/\/www.piipposhop.com\/en\/\",\"name\":\"PiippoShop | Manilla Oy\",\"description\":\"Yli 350 tuotetta sitomiseen, kiinnitt\u00e4miseen ja nostamiseen\",\"potentialAction\":[{\"@type\":\"SearchAction\",\"target\":{\"@type\":\"EntryPoint\",\"urlTemplate\":\"https:\/\/www.piipposhop.com\/en\/?s={search_term_string}\"},\"query-input\":{\"@type\":\"PropertyValueSpecification\",\"valueRequired\":true,\"valueName\":\"search_term_string\"}}],\"inLanguage\":\"en-US\"}]}<\/script>\n<!-- \/ Yoast SEO plugin. -->","yoast_head_json":{"title":"HMPE - 12mm, metreitt\u00e4in - PiippoShop | Manilla Oy","robots":{"index":"index","follow":"follow","max-snippet":"max-snippet:-1","max-image-preview":"max-image-preview:large","max-video-preview":"max-video-preview:-1"},"canonical":"https:\/\/www.piipposhop.com\/en\/product\/hmpe-12mm-x-90m-metreittain\/","og_locale":"en_US","og_type":"article","og_title":"HMPE - 12mm, metreitt\u00e4in - PiippoShop | Manilla Oy","og_description":"HMPE-k\u00f6ysi on l\u00e4hes yht\u00e4 vahvaa kuin vaijeri, mutta huomattavasti vetre\u00e4mp\u00e4\u00e4 ja mukavampaa k\u00e4sitell\u00e4. Murtolujuus 16500kg. HMPE-k\u00f6yden UV-kest\u00e4vyys on huippuluokkaa: voimakkaassa UV-valossa HMPE-k\u00f6yden vetomurtolujuus puolittuu noin 15 vuodessa!  Anna tarvitsemasi metrim\u00e4\u00e4r\u00e4 kentt\u00e4\u00e4n \u201dm\u00e4\u00e4r\u00e4\u201d t\u00e4ysin\u00e4 metrein\u00e4.  Huomioithan, ett\u00e4 m\u00e4\u00e4r\u00e4mittaan leikatulla k\u00f6ydell\u00e4 ei ole palautusoikeutta.","og_url":"https:\/\/www.piipposhop.com\/en\/product\/hmpe-12mm-x-90m-metreittain\/","og_site_name":"PiippoShop | Manilla Oy","article_modified_time":"2026-03-27T12:23:05+00:00","og_image":[{"width":2560,"height":1920,"url":"https:\/\/www.piipposhop.com\/content\/uploads\/2024\/04\/HMPE_valiaikainen-kuva-scaled.png","type":"image\/png"}],"twitter_card":"summary_large_image","schema":{"@context":"https:\/\/schema.org","@graph":[{"@type":"WebPage","@id":"https:\/\/www.piipposhop.com\/en\/product\/hmpe-12mm-x-90m-metreittain\/","url":"https:\/\/www.piipposhop.com\/en\/product\/hmpe-12mm-x-90m-metreittain\/","name":"HMPE - 12mm, metreitt\u00e4in - PiippoShop | Manilla Oy","isPartOf":{"@id":"https:\/\/www.piipposhop.com\/en\/#website"},"primaryImageOfPage":{"@id":"https:\/\/www.piipposhop.com\/en\/product\/hmpe-12mm-x-90m-metreittain\/#primaryimage"},"image":{"@id":"https:\/\/www.piipposhop.com\/en\/product\/hmpe-12mm-x-90m-metreittain\/#primaryimage"},"thumbnailUrl":"https:\/\/www.piipposhop.com\/content\/uploads\/2024\/04\/HMPE_valiaikainen-kuva-scaled.png","datePublished":"2024-04-26T07:36:33+00:00","dateModified":"2026-03-27T12:23:05+00:00","breadcrumb":{"@id":"https:\/\/www.piipposhop.com\/en\/product\/hmpe-12mm-x-90m-metreittain\/#breadcrumb"},"inLanguage":"en-US","potentialAction":[{"@type":"ReadAction","target":["https:\/\/www.piipposhop.com\/en\/product\/hmpe-12mm-x-90m-metreittain\/"]}]},{"@type":"ImageObject","inLanguage":"en-US","@id":"https:\/\/www.piipposhop.com\/en\/product\/hmpe-12mm-x-90m-metreittain\/#primaryimage","url":"https:\/\/www.piipposhop.com\/content\/uploads\/2024\/04\/HMPE_valiaikainen-kuva-scaled.png","contentUrl":"https:\/\/www.piipposhop.com\/content\/uploads\/2024\/04\/HMPE_valiaikainen-kuva-scaled.png","width":2560,"height":1920},{"@type":"BreadcrumbList","@id":"https:\/\/www.piipposhop.com\/en\/product\/hmpe-12mm-x-90m-metreittain\/#breadcrumb","itemListElement":[{"@type":"ListItem","position":1,"name":"Frontpage","item":"https:\/\/www.piipposhop.com\/en\/"},{"@type":"ListItem","position":2,"name":"Products","item":"https:\/\/www.piipposhop.com\/en\/products\/"},{"@type":"ListItem","position":3,"name":"Synthetic ropes","item":"https:\/\/www.piipposhop.com\/en\/product-category\/synthetic-ropes\/"},{"@type":"ListItem","position":4,"name":"HMPE-Ropes","item":"https:\/\/www.piipposhop.com\/en\/product-category\/hmpe-koydet-en\/"},{"@type":"ListItem","position":5,"name":"HMPE &#8211; 12mm, metreitt\u00e4in"}]},{"@type":"WebSite","@id":"https:\/\/www.piipposhop.com\/en\/#website","url":"https:\/\/www.piipposhop.com\/en\/","name":"PiippoShop | Manilla Oy","description":"Yli 350 tuotetta sitomiseen, kiinnitt\u00e4miseen ja nostamiseen","potentialAction":[{"@type":"SearchAction","target":{"@type":"EntryPoint","urlTemplate":"https:\/\/www.piipposhop.com\/en\/?s={search_term_string}"},"query-input":{"@type":"PropertyValueSpecification","valueRequired":true,"valueName":"search_term_string"}}],"inLanguage":"en-US"}]}},"_links":{"self":[{"href":"https:\/\/www.piipposhop.com\/en\/wp-json\/wp\/v2\/product\/4575","targetHints":{"allow":["GET"]}}],"collection":[{"href":"https:\/\/www.piipposhop.com\/en\/wp-json\/wp\/v2\/product"}],"about":[{"href":"https:\/\/www.piipposhop.com\/en\/wp-json\/wp\/v2\/types\/product"}],"wp:featuredmedia":[{"embeddable":true,"href":"https:\/\/www.piipposhop.com\/en\/wp-json\/wp\/v2\/media\/22189"}],"wp:attachment":[{"href":"https:\/\/www.piipposhop.com\/en\/wp-json\/wp\/v2\/media?parent=4575"}],"wp:term":[{"taxonomy":"product_brand","embeddable":true,"href":"https:\/\/www.piipposhop.com\/en\/wp-json\/wp\/v2\/product_brand?post=4575"},{"taxonomy":"product_cat","embeddable":true,"href":"https:\/\/www.piipposhop.com\/en\/wp-json\/wp\/v2\/product_cat?post=4575"},{"taxonomy":"product_tag","embeddable":true,"href":"https:\/\/www.piipposhop.com\/en\/wp-json\/wp\/v2\/product_tag?post=4575"}],"curies":[{"name":"wp","href":"https:\/\/api.w.org\/{rel}","templated":true}]}}