{"id":4453,"date":"2024-03-15T14:51:58","date_gmt":"2024-03-15T12:51:58","guid":{"rendered":"https:\/\/www.piipposhop.com\/tuote\/koysikela-palmikoitu-polypropeenikoysi-vihrea-3-mm-x-600-m\/"},"modified":"2024-04-22T13:16:54","modified_gmt":"2024-04-22T10:16:54","slug":"braided-polypropylene-rope-3-mm-x-600-m-2","status":"publish","type":"product","link":"https:\/\/www.piipposhop.com\/en\/product\/braided-polypropylene-rope-3-mm-x-600-m-2\/","title":{"rendered":"Braided polypropylene rope 3 mm x 600 m"},"content":{"rendered":"<p>A reliable and high-quality multi-purpose rope. Made of polypropylene film, this buoyant and weatherresistant rope is ideally suited for building, lifting and binding.<br \/>\nThese reliable, polypropylene ropes are used in many different applications within the building and manufacturing industries. Polypropylene ropes are the best of the industry, having won the trust and respect of many professionals.<br \/>\nUV resistance class 3\/5*. Available in diameters of 3 &#8211; 12 mm.<\/p>\n","protected":false},"excerpt":{"rendered":"<p>A reliable and high-quality multi-purpose rope. Made of polypropylene film. This buoyant and weatherresistant<br \/>\nrope is ideally suited for building, lifting and binding. UV resistance class 3\/5*. (breaking strength of 150 is cut by half in about three years in high radiation.)<\/p>\n","protected":false},"featured_media":771,"template":"","meta":[],"product_brand":[],"product_cat":[867,208],"product_tag":[673,290,623,538,584,644,594,294],"class_list":{"0":"post-4453","1":"product","2":"type-product","3":"status-publish","4":"has-post-thumbnail","6":"product_cat-polypropeenikoydet-en","7":"product_cat-synthetic-ropes","8":"product_tag-binding","9":"product_tag-floating","10":"product_tag-for-fastening-en","11":"product_tag-green","12":"product_tag-lifting","13":"product_tag-marine-green-en","14":"product_tag-polypropylene","15":"product_tag-rope","17":"first","18":"instock","19":"taxable","20":"shipping-taxable","21":"purchasable","22":"product-type-simple"},"yoast_head":"<!-- This site is optimized with the Yoast SEO plugin v27.4 - https:\/\/yoast.com\/product\/yoast-seo-wordpress\/ -->\n<title>Braided polypropylene rope 3 mm x 600 m - PiippoShop | Manilla Oy<\/title>\n<meta name=\"robots\" content=\"index, follow, max-snippet:-1, max-image-preview:large, max-video-preview:-1\" \/>\n<link rel=\"canonical\" href=\"https:\/\/www.piipposhop.com\/en\/product\/braided-polypropylene-rope-3-mm-x-600-m-2\/\" \/>\n<meta property=\"og:locale\" content=\"en_US\" \/>\n<meta property=\"og:type\" content=\"article\" \/>\n<meta property=\"og:title\" content=\"Braided polypropylene rope 3 mm x 600 m - PiippoShop | Manilla Oy\" \/>\n<meta property=\"og:description\" content=\"A reliable and high-quality multi-purpose rope. Made of polypropylene film. This buoyant and weatherresistant rope is ideally suited for building, lifting and binding. UV resistance class 3\/5*. (breaking strength of 150 is cut by half in about three years in high radiation.)\" \/>\n<meta property=\"og:url\" content=\"https:\/\/www.piipposhop.com\/en\/product\/braided-polypropylene-rope-3-mm-x-600-m-2\/\" \/>\n<meta property=\"og:site_name\" content=\"PiippoShop | Manilla Oy\" \/>\n<meta property=\"article:modified_time\" content=\"2024-04-22T10:16:54+00:00\" \/>\n<meta property=\"og:image\" content=\"https:\/\/www.piipposhop.com\/content\/uploads\/2022\/02\/6408586400315_731-scaled.jpg\" \/>\n\t<meta property=\"og:image:width\" content=\"2560\" \/>\n\t<meta property=\"og:image:height\" content=\"1707\" \/>\n\t<meta property=\"og:image:type\" content=\"image\/jpeg\" \/>\n<meta name=\"twitter:card\" content=\"summary_large_image\" \/>\n<script type=\"application\/ld+json\" class=\"yoast-schema-graph\">{\"@context\":\"https:\\\/\\\/schema.org\",\"@graph\":[{\"@type\":\"WebPage\",\"@id\":\"https:\\\/\\\/www.piipposhop.com\\\/en\\\/product\\\/braided-polypropylene-rope-3-mm-x-600-m-2\\\/\",\"url\":\"https:\\\/\\\/www.piipposhop.com\\\/en\\\/product\\\/braided-polypropylene-rope-3-mm-x-600-m-2\\\/\",\"name\":\"Braided polypropylene rope 3 mm x 600 m - PiippoShop | Manilla Oy\",\"isPartOf\":{\"@id\":\"https:\\\/\\\/www.piipposhop.com\\\/en\\\/#website\"},\"primaryImageOfPage\":{\"@id\":\"https:\\\/\\\/www.piipposhop.com\\\/en\\\/product\\\/braided-polypropylene-rope-3-mm-x-600-m-2\\\/#primaryimage\"},\"image\":{\"@id\":\"https:\\\/\\\/www.piipposhop.com\\\/en\\\/product\\\/braided-polypropylene-rope-3-mm-x-600-m-2\\\/#primaryimage\"},\"thumbnailUrl\":\"https:\\\/\\\/www.piipposhop.com\\\/content\\\/uploads\\\/2022\\\/02\\\/6408586400315_731-scaled.jpg\",\"datePublished\":\"2024-03-15T12:51:58+00:00\",\"dateModified\":\"2024-04-22T10:16:54+00:00\",\"breadcrumb\":{\"@id\":\"https:\\\/\\\/www.piipposhop.com\\\/en\\\/product\\\/braided-polypropylene-rope-3-mm-x-600-m-2\\\/#breadcrumb\"},\"inLanguage\":\"en-US\",\"potentialAction\":[{\"@type\":\"ReadAction\",\"target\":[\"https:\\\/\\\/www.piipposhop.com\\\/en\\\/product\\\/braided-polypropylene-rope-3-mm-x-600-m-2\\\/\"]}]},{\"@type\":\"ImageObject\",\"inLanguage\":\"en-US\",\"@id\":\"https:\\\/\\\/www.piipposhop.com\\\/en\\\/product\\\/braided-polypropylene-rope-3-mm-x-600-m-2\\\/#primaryimage\",\"url\":\"https:\\\/\\\/www.piipposhop.com\\\/content\\\/uploads\\\/2022\\\/02\\\/6408586400315_731-scaled.jpg\",\"contentUrl\":\"https:\\\/\\\/www.piipposhop.com\\\/content\\\/uploads\\\/2022\\\/02\\\/6408586400315_731-scaled.jpg\",\"width\":2560,\"height\":1707,\"caption\":\"rakennusk\u00f6ysi, sitomisk\u00f6ysi, vihre\u00e4 k\u00f6ysi - Piipposhop\"},{\"@type\":\"BreadcrumbList\",\"@id\":\"https:\\\/\\\/www.piipposhop.com\\\/en\\\/product\\\/braided-polypropylene-rope-3-mm-x-600-m-2\\\/#breadcrumb\",\"itemListElement\":[{\"@type\":\"ListItem\",\"position\":1,\"name\":\"Frontpage\",\"item\":\"https:\\\/\\\/www.piipposhop.com\\\/en\\\/\"},{\"@type\":\"ListItem\",\"position\":2,\"name\":\"Products\",\"item\":\"https:\\\/\\\/www.piipposhop.com\\\/en\\\/products\\\/\"},{\"@type\":\"ListItem\",\"position\":3,\"name\":\"Polypropeenik\u00f6ydet\",\"item\":\"https:\\\/\\\/www.piipposhop.com\\\/en\\\/product-category\\\/polypropeenikoydet-en\\\/\"},{\"@type\":\"ListItem\",\"position\":4,\"name\":\"Braided polypropylene rope 3 mm x 600 m\"}]},{\"@type\":\"WebSite\",\"@id\":\"https:\\\/\\\/www.piipposhop.com\\\/en\\\/#website\",\"url\":\"https:\\\/\\\/www.piipposhop.com\\\/en\\\/\",\"name\":\"PiippoShop | Manilla Oy\",\"description\":\"Yli 350 tuotetta sitomiseen, kiinnitt\u00e4miseen ja nostamiseen\",\"potentialAction\":[{\"@type\":\"SearchAction\",\"target\":{\"@type\":\"EntryPoint\",\"urlTemplate\":\"https:\\\/\\\/www.piipposhop.com\\\/en\\\/?s={search_term_string}\"},\"query-input\":{\"@type\":\"PropertyValueSpecification\",\"valueRequired\":true,\"valueName\":\"search_term_string\"}}],\"inLanguage\":\"en-US\"}]}<\/script>\n<!-- \/ Yoast SEO plugin. -->","yoast_head_json":{"title":"Braided polypropylene rope 3 mm x 600 m - PiippoShop | Manilla Oy","robots":{"index":"index","follow":"follow","max-snippet":"max-snippet:-1","max-image-preview":"max-image-preview:large","max-video-preview":"max-video-preview:-1"},"canonical":"https:\/\/www.piipposhop.com\/en\/product\/braided-polypropylene-rope-3-mm-x-600-m-2\/","og_locale":"en_US","og_type":"article","og_title":"Braided polypropylene rope 3 mm x 600 m - PiippoShop | Manilla Oy","og_description":"A reliable and high-quality multi-purpose rope. Made of polypropylene film. This buoyant and weatherresistant rope is ideally suited for building, lifting and binding. UV resistance class 3\/5*. (breaking strength of 150 is cut by half in about three years in high radiation.)","og_url":"https:\/\/www.piipposhop.com\/en\/product\/braided-polypropylene-rope-3-mm-x-600-m-2\/","og_site_name":"PiippoShop | Manilla Oy","article_modified_time":"2024-04-22T10:16:54+00:00","og_image":[{"width":2560,"height":1707,"url":"https:\/\/www.piipposhop.com\/content\/uploads\/2022\/02\/6408586400315_731-scaled.jpg","type":"image\/jpeg"}],"twitter_card":"summary_large_image","schema":{"@context":"https:\/\/schema.org","@graph":[{"@type":"WebPage","@id":"https:\/\/www.piipposhop.com\/en\/product\/braided-polypropylene-rope-3-mm-x-600-m-2\/","url":"https:\/\/www.piipposhop.com\/en\/product\/braided-polypropylene-rope-3-mm-x-600-m-2\/","name":"Braided polypropylene rope 3 mm x 600 m - PiippoShop | Manilla Oy","isPartOf":{"@id":"https:\/\/www.piipposhop.com\/en\/#website"},"primaryImageOfPage":{"@id":"https:\/\/www.piipposhop.com\/en\/product\/braided-polypropylene-rope-3-mm-x-600-m-2\/#primaryimage"},"image":{"@id":"https:\/\/www.piipposhop.com\/en\/product\/braided-polypropylene-rope-3-mm-x-600-m-2\/#primaryimage"},"thumbnailUrl":"https:\/\/www.piipposhop.com\/content\/uploads\/2022\/02\/6408586400315_731-scaled.jpg","datePublished":"2024-03-15T12:51:58+00:00","dateModified":"2024-04-22T10:16:54+00:00","breadcrumb":{"@id":"https:\/\/www.piipposhop.com\/en\/product\/braided-polypropylene-rope-3-mm-x-600-m-2\/#breadcrumb"},"inLanguage":"en-US","potentialAction":[{"@type":"ReadAction","target":["https:\/\/www.piipposhop.com\/en\/product\/braided-polypropylene-rope-3-mm-x-600-m-2\/"]}]},{"@type":"ImageObject","inLanguage":"en-US","@id":"https:\/\/www.piipposhop.com\/en\/product\/braided-polypropylene-rope-3-mm-x-600-m-2\/#primaryimage","url":"https:\/\/www.piipposhop.com\/content\/uploads\/2022\/02\/6408586400315_731-scaled.jpg","contentUrl":"https:\/\/www.piipposhop.com\/content\/uploads\/2022\/02\/6408586400315_731-scaled.jpg","width":2560,"height":1707,"caption":"rakennusk\u00f6ysi, sitomisk\u00f6ysi, vihre\u00e4 k\u00f6ysi - Piipposhop"},{"@type":"BreadcrumbList","@id":"https:\/\/www.piipposhop.com\/en\/product\/braided-polypropylene-rope-3-mm-x-600-m-2\/#breadcrumb","itemListElement":[{"@type":"ListItem","position":1,"name":"Frontpage","item":"https:\/\/www.piipposhop.com\/en\/"},{"@type":"ListItem","position":2,"name":"Products","item":"https:\/\/www.piipposhop.com\/en\/products\/"},{"@type":"ListItem","position":3,"name":"Polypropeenik\u00f6ydet","item":"https:\/\/www.piipposhop.com\/en\/product-category\/polypropeenikoydet-en\/"},{"@type":"ListItem","position":4,"name":"Braided polypropylene rope 3 mm x 600 m"}]},{"@type":"WebSite","@id":"https:\/\/www.piipposhop.com\/en\/#website","url":"https:\/\/www.piipposhop.com\/en\/","name":"PiippoShop | Manilla Oy","description":"Yli 350 tuotetta sitomiseen, kiinnitt\u00e4miseen ja nostamiseen","potentialAction":[{"@type":"SearchAction","target":{"@type":"EntryPoint","urlTemplate":"https:\/\/www.piipposhop.com\/en\/?s={search_term_string}"},"query-input":{"@type":"PropertyValueSpecification","valueRequired":true,"valueName":"search_term_string"}}],"inLanguage":"en-US"}]}},"_links":{"self":[{"href":"https:\/\/www.piipposhop.com\/en\/wp-json\/wp\/v2\/product\/4453","targetHints":{"allow":["GET"]}}],"collection":[{"href":"https:\/\/www.piipposhop.com\/en\/wp-json\/wp\/v2\/product"}],"about":[{"href":"https:\/\/www.piipposhop.com\/en\/wp-json\/wp\/v2\/types\/product"}],"wp:featuredmedia":[{"embeddable":true,"href":"https:\/\/www.piipposhop.com\/en\/wp-json\/wp\/v2\/media\/771"}],"wp:attachment":[{"href":"https:\/\/www.piipposhop.com\/en\/wp-json\/wp\/v2\/media?parent=4453"}],"wp:term":[{"taxonomy":"product_brand","embeddable":true,"href":"https:\/\/www.piipposhop.com\/en\/wp-json\/wp\/v2\/product_brand?post=4453"},{"taxonomy":"product_cat","embeddable":true,"href":"https:\/\/www.piipposhop.com\/en\/wp-json\/wp\/v2\/product_cat?post=4453"},{"taxonomy":"product_tag","embeddable":true,"href":"https:\/\/www.piipposhop.com\/en\/wp-json\/wp\/v2\/product_tag?post=4453"}],"curies":[{"name":"wp","href":"https:\/\/api.w.org\/{rel}","templated":true}]}}