{"id":3760,"date":"2023-09-29T10:09:10","date_gmt":"2023-09-29T07:09:10","guid":{"rendered":"https:\/\/www.piipposhop.com\/?post_type=product&#038;p=3760"},"modified":"2025-06-26T08:56:33","modified_gmt":"2025-06-26T05:56:33","slug":"polyamidi-kiinnityskoysi-lenkilla-16mm-x-10m","status":"publish","type":"product","link":"https:\/\/www.piipposhop.com\/en\/product\/polyamidi-kiinnityskoysi-lenkilla-16mm-x-10m\/","title":{"rendered":"Polyamidi kiinnitysk\u00f6ysi lenkill\u00e4 16mm x 10m"},"content":{"rendered":"<p>Eritt\u00e4in laadukkaasta kaksoispalmikoidusta polyamidista valmistettu kiinnitysk\u00f6ysi.<\/p>\n<p>Tyylik\u00e4s laivastonsininen kaksoispalmikoitu uppoava polyamidik\u00f6ysi vahvalla UV-suojalla. K\u00f6yden vetomurtolujuus puolittuu voimakkaassa UV-valossa kymmenes\u00e4 vuodessa. K\u00f6yden toisessa p\u00e4\u00e4ss\u00e4 on lenkki. Joustavan rakenteen vuoksi ei tarvetta erillisille joustimille.<\/p>\n","protected":false},"excerpt":{"rendered":"<p>Polyamidista valmistettu kiinnitysk\u00f6ysi 16mm x 10m. P\u00e4\u00e4ss\u00e4 lenkki. Joustava, ei tarvitse joustinta.<\/p>\n","protected":false},"featured_media":3751,"template":"","meta":[],"product_brand":[],"product_cat":[690,22],"product_tag":[171,793,160,792],"class_list":{"0":"post-3760","1":"product","2":"type-product","3":"status-publish","4":"has-post-thumbnail","6":"product_cat-veneilykoydet","7":"product_cat-piippo","8":"product_tag-kiinnitys","9":"product_tag-polyamidi","10":"product_tag-veneily","11":"product_tag-venekoysi","13":"first","14":"instock","15":"taxable","16":"shipping-taxable","17":"purchasable","18":"product-type-simple"},"yoast_head":"<!-- This site is optimized with the Yoast SEO plugin v27.4 - https:\/\/yoast.com\/product\/yoast-seo-wordpress\/ -->\n<title>Polyamidi kiinnitysk\u00f6ysi lenkill\u00e4 16mm x 10m - PiippoShop | Manilla Oy<\/title>\n<meta name=\"robots\" content=\"index, follow, max-snippet:-1, max-image-preview:large, max-video-preview:-1\" \/>\n<link rel=\"canonical\" href=\"https:\/\/www.piipposhop.com\/en\/product\/polyamidi-kiinnityskoysi-lenkilla-16mm-x-10m\/\" \/>\n<meta property=\"og:locale\" content=\"en_US\" \/>\n<meta property=\"og:type\" content=\"article\" \/>\n<meta property=\"og:title\" content=\"Polyamidi kiinnitysk\u00f6ysi lenkill\u00e4 16mm x 10m - PiippoShop | Manilla Oy\" \/>\n<meta property=\"og:description\" content=\"Polyamidista valmistettu kiinnitysk\u00f6ysi 16mm x 10m. P\u00e4\u00e4ss\u00e4 lenkki. Joustava, ei tarvitse joustinta.\" \/>\n<meta property=\"og:url\" content=\"https:\/\/www.piipposhop.com\/en\/product\/polyamidi-kiinnityskoysi-lenkilla-16mm-x-10m\/\" \/>\n<meta property=\"og:site_name\" content=\"PiippoShop | Manilla Oy\" \/>\n<meta property=\"article:modified_time\" content=\"2025-06-26T05:56:33+00:00\" \/>\n<meta property=\"og:image\" content=\"https:\/\/www.piipposhop.com\/content\/uploads\/2023\/09\/6408586558016-1024x644.png\" \/>\n\t<meta property=\"og:image:width\" content=\"1024\" \/>\n\t<meta property=\"og:image:height\" content=\"644\" \/>\n\t<meta property=\"og:image:type\" content=\"image\/png\" \/>\n<meta name=\"twitter:card\" content=\"summary_large_image\" \/>\n<script type=\"application\/ld+json\" class=\"yoast-schema-graph\">{\"@context\":\"https:\\\/\\\/schema.org\",\"@graph\":[{\"@type\":\"WebPage\",\"@id\":\"https:\\\/\\\/www.piipposhop.com\\\/en\\\/product\\\/polyamidi-kiinnityskoysi-lenkilla-16mm-x-10m\\\/\",\"url\":\"https:\\\/\\\/www.piipposhop.com\\\/en\\\/product\\\/polyamidi-kiinnityskoysi-lenkilla-16mm-x-10m\\\/\",\"name\":\"Polyamidi kiinnitysk\u00f6ysi lenkill\u00e4 16mm x 10m - PiippoShop | Manilla Oy\",\"isPartOf\":{\"@id\":\"https:\\\/\\\/www.piipposhop.com\\\/en\\\/#website\"},\"primaryImageOfPage\":{\"@id\":\"https:\\\/\\\/www.piipposhop.com\\\/en\\\/product\\\/polyamidi-kiinnityskoysi-lenkilla-16mm-x-10m\\\/#primaryimage\"},\"image\":{\"@id\":\"https:\\\/\\\/www.piipposhop.com\\\/en\\\/product\\\/polyamidi-kiinnityskoysi-lenkilla-16mm-x-10m\\\/#primaryimage\"},\"thumbnailUrl\":\"https:\\\/\\\/www.piipposhop.com\\\/content\\\/uploads\\\/2023\\\/09\\\/6408586558016.png\",\"datePublished\":\"2023-09-29T07:09:10+00:00\",\"dateModified\":\"2025-06-26T05:56:33+00:00\",\"breadcrumb\":{\"@id\":\"https:\\\/\\\/www.piipposhop.com\\\/en\\\/product\\\/polyamidi-kiinnityskoysi-lenkilla-16mm-x-10m\\\/#breadcrumb\"},\"inLanguage\":\"en-US\",\"potentialAction\":[{\"@type\":\"ReadAction\",\"target\":[\"https:\\\/\\\/www.piipposhop.com\\\/en\\\/product\\\/polyamidi-kiinnityskoysi-lenkilla-16mm-x-10m\\\/\"]}]},{\"@type\":\"ImageObject\",\"inLanguage\":\"en-US\",\"@id\":\"https:\\\/\\\/www.piipposhop.com\\\/en\\\/product\\\/polyamidi-kiinnityskoysi-lenkilla-16mm-x-10m\\\/#primaryimage\",\"url\":\"https:\\\/\\\/www.piipposhop.com\\\/content\\\/uploads\\\/2023\\\/09\\\/6408586558016.png\",\"contentUrl\":\"https:\\\/\\\/www.piipposhop.com\\\/content\\\/uploads\\\/2023\\\/09\\\/6408586558016.png\",\"width\":3173,\"height\":1996},{\"@type\":\"BreadcrumbList\",\"@id\":\"https:\\\/\\\/www.piipposhop.com\\\/en\\\/product\\\/polyamidi-kiinnityskoysi-lenkilla-16mm-x-10m\\\/#breadcrumb\",\"itemListElement\":[{\"@type\":\"ListItem\",\"position\":1,\"name\":\"Frontpage\",\"item\":\"https:\\\/\\\/www.piipposhop.com\\\/en\\\/\"},{\"@type\":\"ListItem\",\"position\":2,\"name\":\"Products\",\"item\":\"https:\\\/\\\/www.piipposhop.com\\\/en\\\/products\\\/\"},{\"@type\":\"ListItem\",\"position\":3,\"name\":\"Piippo new\",\"item\":\"https:\\\/\\\/www.piipposhop.com\\\/en\\\/product-category\\\/piippo-new\\\/\"},{\"@type\":\"ListItem\",\"position\":4,\"name\":\"Polyamidi kiinnitysk\u00f6ysi lenkill\u00e4 16mm x 10m\"}]},{\"@type\":\"WebSite\",\"@id\":\"https:\\\/\\\/www.piipposhop.com\\\/en\\\/#website\",\"url\":\"https:\\\/\\\/www.piipposhop.com\\\/en\\\/\",\"name\":\"PiippoShop | Manilla Oy\",\"description\":\"Yli 350 tuotetta sitomiseen, kiinnitt\u00e4miseen ja nostamiseen\",\"potentialAction\":[{\"@type\":\"SearchAction\",\"target\":{\"@type\":\"EntryPoint\",\"urlTemplate\":\"https:\\\/\\\/www.piipposhop.com\\\/en\\\/?s={search_term_string}\"},\"query-input\":{\"@type\":\"PropertyValueSpecification\",\"valueRequired\":true,\"valueName\":\"search_term_string\"}}],\"inLanguage\":\"en-US\"}]}<\/script>\n<!-- \/ Yoast SEO plugin. -->","yoast_head_json":{"title":"Polyamidi kiinnitysk\u00f6ysi lenkill\u00e4 16mm x 10m - PiippoShop | Manilla Oy","robots":{"index":"index","follow":"follow","max-snippet":"max-snippet:-1","max-image-preview":"max-image-preview:large","max-video-preview":"max-video-preview:-1"},"canonical":"https:\/\/www.piipposhop.com\/en\/product\/polyamidi-kiinnityskoysi-lenkilla-16mm-x-10m\/","og_locale":"en_US","og_type":"article","og_title":"Polyamidi kiinnitysk\u00f6ysi lenkill\u00e4 16mm x 10m - PiippoShop | Manilla Oy","og_description":"Polyamidista valmistettu kiinnitysk\u00f6ysi 16mm x 10m. P\u00e4\u00e4ss\u00e4 lenkki. Joustava, ei tarvitse joustinta.","og_url":"https:\/\/www.piipposhop.com\/en\/product\/polyamidi-kiinnityskoysi-lenkilla-16mm-x-10m\/","og_site_name":"PiippoShop | Manilla Oy","article_modified_time":"2025-06-26T05:56:33+00:00","og_image":[{"width":1024,"height":644,"url":"https:\/\/www.piipposhop.com\/content\/uploads\/2023\/09\/6408586558016-1024x644.png","type":"image\/png"}],"twitter_card":"summary_large_image","schema":{"@context":"https:\/\/schema.org","@graph":[{"@type":"WebPage","@id":"https:\/\/www.piipposhop.com\/en\/product\/polyamidi-kiinnityskoysi-lenkilla-16mm-x-10m\/","url":"https:\/\/www.piipposhop.com\/en\/product\/polyamidi-kiinnityskoysi-lenkilla-16mm-x-10m\/","name":"Polyamidi kiinnitysk\u00f6ysi lenkill\u00e4 16mm x 10m - PiippoShop | Manilla Oy","isPartOf":{"@id":"https:\/\/www.piipposhop.com\/en\/#website"},"primaryImageOfPage":{"@id":"https:\/\/www.piipposhop.com\/en\/product\/polyamidi-kiinnityskoysi-lenkilla-16mm-x-10m\/#primaryimage"},"image":{"@id":"https:\/\/www.piipposhop.com\/en\/product\/polyamidi-kiinnityskoysi-lenkilla-16mm-x-10m\/#primaryimage"},"thumbnailUrl":"https:\/\/www.piipposhop.com\/content\/uploads\/2023\/09\/6408586558016.png","datePublished":"2023-09-29T07:09:10+00:00","dateModified":"2025-06-26T05:56:33+00:00","breadcrumb":{"@id":"https:\/\/www.piipposhop.com\/en\/product\/polyamidi-kiinnityskoysi-lenkilla-16mm-x-10m\/#breadcrumb"},"inLanguage":"en-US","potentialAction":[{"@type":"ReadAction","target":["https:\/\/www.piipposhop.com\/en\/product\/polyamidi-kiinnityskoysi-lenkilla-16mm-x-10m\/"]}]},{"@type":"ImageObject","inLanguage":"en-US","@id":"https:\/\/www.piipposhop.com\/en\/product\/polyamidi-kiinnityskoysi-lenkilla-16mm-x-10m\/#primaryimage","url":"https:\/\/www.piipposhop.com\/content\/uploads\/2023\/09\/6408586558016.png","contentUrl":"https:\/\/www.piipposhop.com\/content\/uploads\/2023\/09\/6408586558016.png","width":3173,"height":1996},{"@type":"BreadcrumbList","@id":"https:\/\/www.piipposhop.com\/en\/product\/polyamidi-kiinnityskoysi-lenkilla-16mm-x-10m\/#breadcrumb","itemListElement":[{"@type":"ListItem","position":1,"name":"Frontpage","item":"https:\/\/www.piipposhop.com\/en\/"},{"@type":"ListItem","position":2,"name":"Products","item":"https:\/\/www.piipposhop.com\/en\/products\/"},{"@type":"ListItem","position":3,"name":"Piippo new","item":"https:\/\/www.piipposhop.com\/en\/product-category\/piippo-new\/"},{"@type":"ListItem","position":4,"name":"Polyamidi kiinnitysk\u00f6ysi lenkill\u00e4 16mm x 10m"}]},{"@type":"WebSite","@id":"https:\/\/www.piipposhop.com\/en\/#website","url":"https:\/\/www.piipposhop.com\/en\/","name":"PiippoShop | Manilla Oy","description":"Yli 350 tuotetta sitomiseen, kiinnitt\u00e4miseen ja nostamiseen","potentialAction":[{"@type":"SearchAction","target":{"@type":"EntryPoint","urlTemplate":"https:\/\/www.piipposhop.com\/en\/?s={search_term_string}"},"query-input":{"@type":"PropertyValueSpecification","valueRequired":true,"valueName":"search_term_string"}}],"inLanguage":"en-US"}]}},"_links":{"self":[{"href":"https:\/\/www.piipposhop.com\/en\/wp-json\/wp\/v2\/product\/3760","targetHints":{"allow":["GET"]}}],"collection":[{"href":"https:\/\/www.piipposhop.com\/en\/wp-json\/wp\/v2\/product"}],"about":[{"href":"https:\/\/www.piipposhop.com\/en\/wp-json\/wp\/v2\/types\/product"}],"wp:featuredmedia":[{"embeddable":true,"href":"https:\/\/www.piipposhop.com\/en\/wp-json\/wp\/v2\/media\/3751"}],"wp:attachment":[{"href":"https:\/\/www.piipposhop.com\/en\/wp-json\/wp\/v2\/media?parent=3760"}],"wp:term":[{"taxonomy":"product_brand","embeddable":true,"href":"https:\/\/www.piipposhop.com\/en\/wp-json\/wp\/v2\/product_brand?post=3760"},{"taxonomy":"product_cat","embeddable":true,"href":"https:\/\/www.piipposhop.com\/en\/wp-json\/wp\/v2\/product_cat?post=3760"},{"taxonomy":"product_tag","embeddable":true,"href":"https:\/\/www.piipposhop.com\/en\/wp-json\/wp\/v2\/product_tag?post=3760"}],"curies":[{"name":"wp","href":"https:\/\/api.w.org\/{rel}","templated":true}]}}