{"id":2345,"date":"2022-02-03T16:57:47","date_gmt":"2022-02-03T14:57:47","guid":{"rendered":"https:\/\/www.piipposhop.com\/?post_type=product&#038;p=2345"},"modified":"2026-03-16T15:36:24","modified_gmt":"2026-03-16T13:36:24","slug":"plug-with-hook-32mm-brass","status":"publish","type":"product","link":"https:\/\/www.piipposhop.com\/en\/product\/plug-with-hook-32mm-brass\/","title":{"rendered":"Plug with hook 32mm, brass"},"content":{"rendered":"<p>When installing the item, the end of the railing rope must be melted tightly. The item includes two locking screws which lock in the railing rope and keep the railing rope together tightly.<\/p>\n","protected":false},"excerpt":{"rendered":"<p>This item is designed to be used with ball hook (689050\/689055). With this item it is easy to make a gate opening!<\/p>\n","protected":false},"featured_media":577,"template":"","meta":[],"product_brand":[],"product_cat":[937,220,211],"product_tag":[677,561,648,947,551,609,945,944,657,681,942,943,946,949,948],"class_list":{"0":"post-2345","1":"product","2":"type-product","3":"status-publish","4":"has-post-thumbnail","6":"product_cat-kaide-ja-sisustuskoysien-tarvikkeet-en","7":"product_cat-outlet","8":"product_cat-railing-and-decorative-ropes","9":"product_tag-accessory","10":"product_tag-artificial-hemp","11":"product_tag-brass","12":"product_tag-ei-tarvitse-kasitella-en","13":"product_tag-for-handrail","14":"product_tag-for-indoor-use","15":"product_tag-haka-en","16":"product_tag-kaidekoysi-en","17":"product_tag-long-lasting","18":"product_tag-outdoor-use","19":"product_tag-paaty-en","20":"product_tag-paatytulppa-en","21":"product_tag-sisustuskoysi-en","22":"product_tag-synteettinen-en","23":"product_tag-tulppa-en","25":"first","26":"instock","27":"taxable","28":"shipping-taxable","29":"purchasable","30":"product-type-simple"},"yoast_head":"<!-- This site is optimized with the Yoast SEO plugin v27.4 - https:\/\/yoast.com\/product\/yoast-seo-wordpress\/ -->\n<title>Plug with hook 32mm, brass - PiippoShop | Manilla Oy<\/title>\n<meta name=\"robots\" content=\"index, follow, max-snippet:-1, max-image-preview:large, max-video-preview:-1\" \/>\n<link rel=\"canonical\" href=\"https:\/\/www.piipposhop.com\/en\/product\/plug-with-hook-32mm-brass\/\" \/>\n<meta property=\"og:locale\" content=\"en_US\" \/>\n<meta property=\"og:type\" content=\"article\" \/>\n<meta property=\"og:title\" content=\"Plug with hook 32mm, brass - PiippoShop | Manilla Oy\" \/>\n<meta property=\"og:description\" content=\"This item is designed to be used with ball hook (689050\/689055). With this item it is easy to make a gate opening!\" \/>\n<meta property=\"og:url\" content=\"https:\/\/www.piipposhop.com\/en\/product\/plug-with-hook-32mm-brass\/\" \/>\n<meta property=\"og:site_name\" content=\"PiippoShop | Manilla Oy\" \/>\n<meta property=\"article:modified_time\" content=\"2026-03-16T13:36:24+00:00\" \/>\n<meta property=\"og:image\" content=\"https:\/\/www.piipposhop.com\/content\/uploads\/2022\/02\/6408586890482_1169-scaled.jpg\" \/>\n\t<meta property=\"og:image:width\" content=\"2560\" \/>\n\t<meta property=\"og:image:height\" content=\"1707\" \/>\n\t<meta property=\"og:image:type\" content=\"image\/jpeg\" \/>\n<meta name=\"twitter:card\" content=\"summary_large_image\" \/>\n<script type=\"application\/ld+json\" class=\"yoast-schema-graph\">{\"@context\":\"https:\\\/\\\/schema.org\",\"@graph\":[{\"@type\":\"WebPage\",\"@id\":\"https:\\\/\\\/www.piipposhop.com\\\/en\\\/product\\\/plug-with-hook-32mm-brass\\\/\",\"url\":\"https:\\\/\\\/www.piipposhop.com\\\/en\\\/product\\\/plug-with-hook-32mm-brass\\\/\",\"name\":\"Plug with hook 32mm, brass - PiippoShop | Manilla Oy\",\"isPartOf\":{\"@id\":\"https:\\\/\\\/www.piipposhop.com\\\/en\\\/#website\"},\"primaryImageOfPage\":{\"@id\":\"https:\\\/\\\/www.piipposhop.com\\\/en\\\/product\\\/plug-with-hook-32mm-brass\\\/#primaryimage\"},\"image\":{\"@id\":\"https:\\\/\\\/www.piipposhop.com\\\/en\\\/product\\\/plug-with-hook-32mm-brass\\\/#primaryimage\"},\"thumbnailUrl\":\"https:\\\/\\\/www.piipposhop.com\\\/content\\\/uploads\\\/2022\\\/02\\\/6408586890482_1169-scaled.jpg\",\"datePublished\":\"2022-02-03T14:57:47+00:00\",\"dateModified\":\"2026-03-16T13:36:24+00:00\",\"breadcrumb\":{\"@id\":\"https:\\\/\\\/www.piipposhop.com\\\/en\\\/product\\\/plug-with-hook-32mm-brass\\\/#breadcrumb\"},\"inLanguage\":\"en-US\",\"potentialAction\":[{\"@type\":\"ReadAction\",\"target\":[\"https:\\\/\\\/www.piipposhop.com\\\/en\\\/product\\\/plug-with-hook-32mm-brass\\\/\"]}]},{\"@type\":\"ImageObject\",\"inLanguage\":\"en-US\",\"@id\":\"https:\\\/\\\/www.piipposhop.com\\\/en\\\/product\\\/plug-with-hook-32mm-brass\\\/#primaryimage\",\"url\":\"https:\\\/\\\/www.piipposhop.com\\\/content\\\/uploads\\\/2022\\\/02\\\/6408586890482_1169-scaled.jpg\",\"contentUrl\":\"https:\\\/\\\/www.piipposhop.com\\\/content\\\/uploads\\\/2022\\\/02\\\/6408586890482_1169-scaled.jpg\",\"width\":2560,\"height\":1707,\"caption\":\"P\u00e4\u00e4typala, terassitarvike, k\u00f6yden lukko, haka - Piipposhop\"},{\"@type\":\"BreadcrumbList\",\"@id\":\"https:\\\/\\\/www.piipposhop.com\\\/en\\\/product\\\/plug-with-hook-32mm-brass\\\/#breadcrumb\",\"itemListElement\":[{\"@type\":\"ListItem\",\"position\":1,\"name\":\"Frontpage\",\"item\":\"https:\\\/\\\/www.piipposhop.com\\\/en\\\/\"},{\"@type\":\"ListItem\",\"position\":2,\"name\":\"Products\",\"item\":\"https:\\\/\\\/www.piipposhop.com\\\/en\\\/products\\\/\"},{\"@type\":\"ListItem\",\"position\":3,\"name\":\"Outlet\",\"item\":\"https:\\\/\\\/www.piipposhop.com\\\/en\\\/product-category\\\/outlet\\\/\"},{\"@type\":\"ListItem\",\"position\":4,\"name\":\"Plug with hook 32mm, brass\"}]},{\"@type\":\"WebSite\",\"@id\":\"https:\\\/\\\/www.piipposhop.com\\\/en\\\/#website\",\"url\":\"https:\\\/\\\/www.piipposhop.com\\\/en\\\/\",\"name\":\"PiippoShop | Manilla Oy\",\"description\":\"Yli 350 tuotetta sitomiseen, kiinnitt\u00e4miseen ja nostamiseen\",\"potentialAction\":[{\"@type\":\"SearchAction\",\"target\":{\"@type\":\"EntryPoint\",\"urlTemplate\":\"https:\\\/\\\/www.piipposhop.com\\\/en\\\/?s={search_term_string}\"},\"query-input\":{\"@type\":\"PropertyValueSpecification\",\"valueRequired\":true,\"valueName\":\"search_term_string\"}}],\"inLanguage\":\"en-US\"}]}<\/script>\n<!-- \/ Yoast SEO plugin. -->","yoast_head_json":{"title":"Plug with hook 32mm, brass - PiippoShop | Manilla Oy","robots":{"index":"index","follow":"follow","max-snippet":"max-snippet:-1","max-image-preview":"max-image-preview:large","max-video-preview":"max-video-preview:-1"},"canonical":"https:\/\/www.piipposhop.com\/en\/product\/plug-with-hook-32mm-brass\/","og_locale":"en_US","og_type":"article","og_title":"Plug with hook 32mm, brass - PiippoShop | Manilla Oy","og_description":"This item is designed to be used with ball hook (689050\/689055). With this item it is easy to make a gate opening!","og_url":"https:\/\/www.piipposhop.com\/en\/product\/plug-with-hook-32mm-brass\/","og_site_name":"PiippoShop | Manilla Oy","article_modified_time":"2026-03-16T13:36:24+00:00","og_image":[{"width":2560,"height":1707,"url":"https:\/\/www.piipposhop.com\/content\/uploads\/2022\/02\/6408586890482_1169-scaled.jpg","type":"image\/jpeg"}],"twitter_card":"summary_large_image","schema":{"@context":"https:\/\/schema.org","@graph":[{"@type":"WebPage","@id":"https:\/\/www.piipposhop.com\/en\/product\/plug-with-hook-32mm-brass\/","url":"https:\/\/www.piipposhop.com\/en\/product\/plug-with-hook-32mm-brass\/","name":"Plug with hook 32mm, brass - PiippoShop | Manilla Oy","isPartOf":{"@id":"https:\/\/www.piipposhop.com\/en\/#website"},"primaryImageOfPage":{"@id":"https:\/\/www.piipposhop.com\/en\/product\/plug-with-hook-32mm-brass\/#primaryimage"},"image":{"@id":"https:\/\/www.piipposhop.com\/en\/product\/plug-with-hook-32mm-brass\/#primaryimage"},"thumbnailUrl":"https:\/\/www.piipposhop.com\/content\/uploads\/2022\/02\/6408586890482_1169-scaled.jpg","datePublished":"2022-02-03T14:57:47+00:00","dateModified":"2026-03-16T13:36:24+00:00","breadcrumb":{"@id":"https:\/\/www.piipposhop.com\/en\/product\/plug-with-hook-32mm-brass\/#breadcrumb"},"inLanguage":"en-US","potentialAction":[{"@type":"ReadAction","target":["https:\/\/www.piipposhop.com\/en\/product\/plug-with-hook-32mm-brass\/"]}]},{"@type":"ImageObject","inLanguage":"en-US","@id":"https:\/\/www.piipposhop.com\/en\/product\/plug-with-hook-32mm-brass\/#primaryimage","url":"https:\/\/www.piipposhop.com\/content\/uploads\/2022\/02\/6408586890482_1169-scaled.jpg","contentUrl":"https:\/\/www.piipposhop.com\/content\/uploads\/2022\/02\/6408586890482_1169-scaled.jpg","width":2560,"height":1707,"caption":"P\u00e4\u00e4typala, terassitarvike, k\u00f6yden lukko, haka - Piipposhop"},{"@type":"BreadcrumbList","@id":"https:\/\/www.piipposhop.com\/en\/product\/plug-with-hook-32mm-brass\/#breadcrumb","itemListElement":[{"@type":"ListItem","position":1,"name":"Frontpage","item":"https:\/\/www.piipposhop.com\/en\/"},{"@type":"ListItem","position":2,"name":"Products","item":"https:\/\/www.piipposhop.com\/en\/products\/"},{"@type":"ListItem","position":3,"name":"Outlet","item":"https:\/\/www.piipposhop.com\/en\/product-category\/outlet\/"},{"@type":"ListItem","position":4,"name":"Plug with hook 32mm, brass"}]},{"@type":"WebSite","@id":"https:\/\/www.piipposhop.com\/en\/#website","url":"https:\/\/www.piipposhop.com\/en\/","name":"PiippoShop | Manilla Oy","description":"Yli 350 tuotetta sitomiseen, kiinnitt\u00e4miseen ja nostamiseen","potentialAction":[{"@type":"SearchAction","target":{"@type":"EntryPoint","urlTemplate":"https:\/\/www.piipposhop.com\/en\/?s={search_term_string}"},"query-input":{"@type":"PropertyValueSpecification","valueRequired":true,"valueName":"search_term_string"}}],"inLanguage":"en-US"}]}},"_links":{"self":[{"href":"https:\/\/www.piipposhop.com\/en\/wp-json\/wp\/v2\/product\/2345","targetHints":{"allow":["GET"]}}],"collection":[{"href":"https:\/\/www.piipposhop.com\/en\/wp-json\/wp\/v2\/product"}],"about":[{"href":"https:\/\/www.piipposhop.com\/en\/wp-json\/wp\/v2\/types\/product"}],"wp:featuredmedia":[{"embeddable":true,"href":"https:\/\/www.piipposhop.com\/en\/wp-json\/wp\/v2\/media\/577"}],"wp:attachment":[{"href":"https:\/\/www.piipposhop.com\/en\/wp-json\/wp\/v2\/media?parent=2345"}],"wp:term":[{"taxonomy":"product_brand","embeddable":true,"href":"https:\/\/www.piipposhop.com\/en\/wp-json\/wp\/v2\/product_brand?post=2345"},{"taxonomy":"product_cat","embeddable":true,"href":"https:\/\/www.piipposhop.com\/en\/wp-json\/wp\/v2\/product_cat?post=2345"},{"taxonomy":"product_tag","embeddable":true,"href":"https:\/\/www.piipposhop.com\/en\/wp-json\/wp\/v2\/product_tag?post=2345"}],"curies":[{"name":"wp","href":"https:\/\/api.w.org\/{rel}","templated":true}]}}