{"id":2286,"date":"2022-02-03T16:53:49","date_gmt":"2022-02-09T15:22:48","guid":{"rendered":"https:\/\/www.piipposhop.com\/?post_type=product&#038;p=2286"},"modified":"2024-02-10T10:14:12","modified_gmt":"2024-02-10T08:14:12","slug":"clothes-line-braided-polypropylene-green-59m","status":"publish","type":"product","link":"https:\/\/www.piipposhop.com\/en\/product\/clothes-line-braided-polypropylene-green-59m\/","title":{"rendered":"Clothes line, Braided polypropylene green 59m"},"content":{"rendered":"<p>White 6mm x 25m. UV-Stabilized. Braided Polypropylene.<\/p>\n","protected":false},"excerpt":{"rendered":"<p>Green 3mm x 59m.<\/p>\n","protected":false},"featured_media":461,"template":"","meta":[],"product_brand":[],"product_cat":[213],"product_tag":[600,657],"class_list":{"0":"post-2286","1":"product","2":"type-product","3":"status-publish","4":"has-post-thumbnail","6":"product_cat-household-twines","7":"product_tag-clothesline","8":"product_tag-long-lasting","10":"first","11":"instock","12":"taxable","13":"shipping-taxable","14":"purchasable","15":"product-type-simple"},"yoast_head":"<!-- This site is optimized with the Yoast SEO plugin v27.2 - https:\/\/yoast.com\/product\/yoast-seo-wordpress\/ -->\n<title>Clothes line, Braided polypropylene green 59m - PiippoShop | Manilla Oy<\/title>\n<meta name=\"robots\" content=\"index, follow, max-snippet:-1, max-image-preview:large, max-video-preview:-1\" \/>\n<link rel=\"canonical\" href=\"https:\/\/www.piipposhop.com\/en\/product\/clothes-line-braided-polypropylene-green-59m\/\" \/>\n<meta property=\"og:locale\" content=\"en_US\" \/>\n<meta property=\"og:type\" content=\"article\" \/>\n<meta property=\"og:title\" content=\"Clothes line, Braided polypropylene green 59m - PiippoShop | Manilla Oy\" \/>\n<meta property=\"og:description\" content=\"Green 3mm x 59m.\" \/>\n<meta property=\"og:url\" content=\"https:\/\/www.piipposhop.com\/en\/product\/clothes-line-braided-polypropylene-green-59m\/\" \/>\n<meta property=\"og:site_name\" content=\"PiippoShop | Manilla Oy\" \/>\n<meta property=\"article:modified_time\" content=\"2024-02-10T08:14:12+00:00\" \/>\n<meta property=\"og:image\" content=\"https:\/\/www.piipposhop.com\/content\/uploads\/2022\/02\/6408586520662_808-scaled.jpg\" \/>\n\t<meta property=\"og:image:width\" content=\"1810\" \/>\n\t<meta property=\"og:image:height\" content=\"2560\" \/>\n\t<meta property=\"og:image:type\" content=\"image\/jpeg\" \/>\n<meta name=\"twitter:card\" content=\"summary_large_image\" \/>\n<meta name=\"twitter:label1\" content=\"Est. reading time\" \/>\n\t<meta name=\"twitter:data1\" content=\"1 minute\" \/>\n<script type=\"application\/ld+json\" class=\"yoast-schema-graph\">{\"@context\":\"https:\/\/schema.org\",\"@graph\":[{\"@type\":\"WebPage\",\"@id\":\"https:\/\/www.piipposhop.com\/en\/product\/clothes-line-braided-polypropylene-green-59m\/\",\"url\":\"https:\/\/www.piipposhop.com\/en\/product\/clothes-line-braided-polypropylene-green-59m\/\",\"name\":\"Clothes line, Braided polypropylene green 59m - PiippoShop | Manilla Oy\",\"isPartOf\":{\"@id\":\"https:\/\/www.piipposhop.com\/en\/#website\"},\"primaryImageOfPage\":{\"@id\":\"https:\/\/www.piipposhop.com\/en\/product\/clothes-line-braided-polypropylene-green-59m\/#primaryimage\"},\"image\":{\"@id\":\"https:\/\/www.piipposhop.com\/en\/product\/clothes-line-braided-polypropylene-green-59m\/#primaryimage\"},\"thumbnailUrl\":\"https:\/\/www.piipposhop.com\/content\/uploads\/2022\/02\/6408586520662_808-scaled.jpg\",\"datePublished\":\"2022-02-09T15:22:48+00:00\",\"dateModified\":\"2024-02-10T08:14:12+00:00\",\"breadcrumb\":{\"@id\":\"https:\/\/www.piipposhop.com\/en\/product\/clothes-line-braided-polypropylene-green-59m\/#breadcrumb\"},\"inLanguage\":\"en-US\",\"potentialAction\":[{\"@type\":\"ReadAction\",\"target\":[\"https:\/\/www.piipposhop.com\/en\/product\/clothes-line-braided-polypropylene-green-59m\/\"]}]},{\"@type\":\"ImageObject\",\"inLanguage\":\"en-US\",\"@id\":\"https:\/\/www.piipposhop.com\/en\/product\/clothes-line-braided-polypropylene-green-59m\/#primaryimage\",\"url\":\"https:\/\/www.piipposhop.com\/content\/uploads\/2022\/02\/6408586520662_808-scaled.jpg\",\"contentUrl\":\"https:\/\/www.piipposhop.com\/content\/uploads\/2022\/02\/6408586520662_808-scaled.jpg\",\"width\":1810,\"height\":2560,\"caption\":\"Pitk\u00e4 pyykkinaru, py\u00f6riv\u00e4 pyykkiteline, pyykkinaru ulkok\u00e4ytt\u00f6\u00f6n - Piipposhop\"},{\"@type\":\"BreadcrumbList\",\"@id\":\"https:\/\/www.piipposhop.com\/en\/product\/clothes-line-braided-polypropylene-green-59m\/#breadcrumb\",\"itemListElement\":[{\"@type\":\"ListItem\",\"position\":1,\"name\":\"Frontpage\",\"item\":\"https:\/\/www.piipposhop.com\/en\/\"},{\"@type\":\"ListItem\",\"position\":2,\"name\":\"Products\",\"item\":\"https:\/\/www.piipposhop.com\/en\/products\/\"},{\"@type\":\"ListItem\",\"position\":3,\"name\":\"Household twines\",\"item\":\"https:\/\/www.piipposhop.com\/en\/product-category\/household-twines\/\"},{\"@type\":\"ListItem\",\"position\":4,\"name\":\"Clothes line, Braided polypropylene green 59m\"}]},{\"@type\":\"WebSite\",\"@id\":\"https:\/\/www.piipposhop.com\/en\/#website\",\"url\":\"https:\/\/www.piipposhop.com\/en\/\",\"name\":\"PiippoShop | Manilla Oy\",\"description\":\"Yli 350 tuotetta sitomiseen, kiinnitt\u00e4miseen ja nostamiseen\",\"potentialAction\":[{\"@type\":\"SearchAction\",\"target\":{\"@type\":\"EntryPoint\",\"urlTemplate\":\"https:\/\/www.piipposhop.com\/en\/?s={search_term_string}\"},\"query-input\":{\"@type\":\"PropertyValueSpecification\",\"valueRequired\":true,\"valueName\":\"search_term_string\"}}],\"inLanguage\":\"en-US\"}]}<\/script>\n<!-- \/ Yoast SEO plugin. -->","yoast_head_json":{"title":"Clothes line, Braided polypropylene green 59m - PiippoShop | Manilla Oy","robots":{"index":"index","follow":"follow","max-snippet":"max-snippet:-1","max-image-preview":"max-image-preview:large","max-video-preview":"max-video-preview:-1"},"canonical":"https:\/\/www.piipposhop.com\/en\/product\/clothes-line-braided-polypropylene-green-59m\/","og_locale":"en_US","og_type":"article","og_title":"Clothes line, Braided polypropylene green 59m - PiippoShop | Manilla Oy","og_description":"Green 3mm x 59m.","og_url":"https:\/\/www.piipposhop.com\/en\/product\/clothes-line-braided-polypropylene-green-59m\/","og_site_name":"PiippoShop | Manilla Oy","article_modified_time":"2024-02-10T08:14:12+00:00","og_image":[{"width":1810,"height":2560,"url":"https:\/\/www.piipposhop.com\/content\/uploads\/2022\/02\/6408586520662_808-scaled.jpg","type":"image\/jpeg"}],"twitter_card":"summary_large_image","twitter_misc":{"Est. reading time":"1 minute"},"schema":{"@context":"https:\/\/schema.org","@graph":[{"@type":"WebPage","@id":"https:\/\/www.piipposhop.com\/en\/product\/clothes-line-braided-polypropylene-green-59m\/","url":"https:\/\/www.piipposhop.com\/en\/product\/clothes-line-braided-polypropylene-green-59m\/","name":"Clothes line, Braided polypropylene green 59m - PiippoShop | Manilla Oy","isPartOf":{"@id":"https:\/\/www.piipposhop.com\/en\/#website"},"primaryImageOfPage":{"@id":"https:\/\/www.piipposhop.com\/en\/product\/clothes-line-braided-polypropylene-green-59m\/#primaryimage"},"image":{"@id":"https:\/\/www.piipposhop.com\/en\/product\/clothes-line-braided-polypropylene-green-59m\/#primaryimage"},"thumbnailUrl":"https:\/\/www.piipposhop.com\/content\/uploads\/2022\/02\/6408586520662_808-scaled.jpg","datePublished":"2022-02-09T15:22:48+00:00","dateModified":"2024-02-10T08:14:12+00:00","breadcrumb":{"@id":"https:\/\/www.piipposhop.com\/en\/product\/clothes-line-braided-polypropylene-green-59m\/#breadcrumb"},"inLanguage":"en-US","potentialAction":[{"@type":"ReadAction","target":["https:\/\/www.piipposhop.com\/en\/product\/clothes-line-braided-polypropylene-green-59m\/"]}]},{"@type":"ImageObject","inLanguage":"en-US","@id":"https:\/\/www.piipposhop.com\/en\/product\/clothes-line-braided-polypropylene-green-59m\/#primaryimage","url":"https:\/\/www.piipposhop.com\/content\/uploads\/2022\/02\/6408586520662_808-scaled.jpg","contentUrl":"https:\/\/www.piipposhop.com\/content\/uploads\/2022\/02\/6408586520662_808-scaled.jpg","width":1810,"height":2560,"caption":"Pitk\u00e4 pyykkinaru, py\u00f6riv\u00e4 pyykkiteline, pyykkinaru ulkok\u00e4ytt\u00f6\u00f6n - Piipposhop"},{"@type":"BreadcrumbList","@id":"https:\/\/www.piipposhop.com\/en\/product\/clothes-line-braided-polypropylene-green-59m\/#breadcrumb","itemListElement":[{"@type":"ListItem","position":1,"name":"Frontpage","item":"https:\/\/www.piipposhop.com\/en\/"},{"@type":"ListItem","position":2,"name":"Products","item":"https:\/\/www.piipposhop.com\/en\/products\/"},{"@type":"ListItem","position":3,"name":"Household twines","item":"https:\/\/www.piipposhop.com\/en\/product-category\/household-twines\/"},{"@type":"ListItem","position":4,"name":"Clothes line, Braided polypropylene green 59m"}]},{"@type":"WebSite","@id":"https:\/\/www.piipposhop.com\/en\/#website","url":"https:\/\/www.piipposhop.com\/en\/","name":"PiippoShop | Manilla Oy","description":"Yli 350 tuotetta sitomiseen, kiinnitt\u00e4miseen ja nostamiseen","potentialAction":[{"@type":"SearchAction","target":{"@type":"EntryPoint","urlTemplate":"https:\/\/www.piipposhop.com\/en\/?s={search_term_string}"},"query-input":{"@type":"PropertyValueSpecification","valueRequired":true,"valueName":"search_term_string"}}],"inLanguage":"en-US"}]}},"_links":{"self":[{"href":"https:\/\/www.piipposhop.com\/en\/wp-json\/wp\/v2\/product\/2286","targetHints":{"allow":["GET"]}}],"collection":[{"href":"https:\/\/www.piipposhop.com\/en\/wp-json\/wp\/v2\/product"}],"about":[{"href":"https:\/\/www.piipposhop.com\/en\/wp-json\/wp\/v2\/types\/product"}],"wp:featuredmedia":[{"embeddable":true,"href":"https:\/\/www.piipposhop.com\/en\/wp-json\/wp\/v2\/media\/461"}],"wp:attachment":[{"href":"https:\/\/www.piipposhop.com\/en\/wp-json\/wp\/v2\/media?parent=2286"}],"wp:term":[{"taxonomy":"product_brand","embeddable":true,"href":"https:\/\/www.piipposhop.com\/en\/wp-json\/wp\/v2\/product_brand?post=2286"},{"taxonomy":"product_cat","embeddable":true,"href":"https:\/\/www.piipposhop.com\/en\/wp-json\/wp\/v2\/product_cat?post=2286"},{"taxonomy":"product_tag","embeddable":true,"href":"https:\/\/www.piipposhop.com\/en\/wp-json\/wp\/v2\/product_tag?post=2286"}],"curies":[{"name":"wp","href":"https:\/\/api.w.org\/{rel}","templated":true}]}}