{"id":2226,"date":"2022-02-04T14:23:55","date_gmt":"2022-02-09T14:20:20","guid":{"rendered":"https:\/\/www.piipposhop.com\/?post_type=product&#038;p=2226"},"modified":"2025-01-15T08:53:28","modified_gmt":"2025-01-15T06:53:28","slug":"rope-end-cap-38mm-many-colors","status":"publish","type":"product","link":"https:\/\/www.piipposhop.com\/en\/product\/rope-end-cap-38mm-many-colors\/","title":{"rendered":"Rope end cap 38mm, many colors"},"content":{"rendered":"<p>Nice way to end railing rope neatly. Item includes a locking screw. Before installing the cap the end of the railing rope must be melted in order for the rope not to fray and for the end to hold on tight.<\/p>\n","protected":false},"excerpt":{"rendered":"<p>Nice way to end railing rope neatly.<\/p>\n","protected":false},"featured_media":1466,"template":"","meta":[],"product_brand":[],"product_cat":[23],"product_tag":[],"class_list":{"0":"post-2226","1":"product","2":"type-product","3":"status-publish","4":"has-post-thumbnail","6":"product_cat-piippo-new","8":"first","9":"outofstock","10":"taxable","11":"shipping-taxable","12":"purchasable","13":"product-type-variable","14":"has-default-attributes"},"yoast_head":"<!-- This site is optimized with the Yoast SEO plugin v27.4 - https:\/\/yoast.com\/product\/yoast-seo-wordpress\/ -->\n<title>Rope end cap 38mm, many colors - PiippoShop | Manilla Oy<\/title>\n<meta name=\"robots\" content=\"index, follow, max-snippet:-1, max-image-preview:large, max-video-preview:-1\" \/>\n<link rel=\"canonical\" href=\"https:\/\/www.piipposhop.com\/en\/product\/rope-end-cap-38mm-many-colors\/\" \/>\n<meta property=\"og:locale\" content=\"en_US\" \/>\n<meta property=\"og:type\" content=\"article\" \/>\n<meta property=\"og:title\" content=\"Rope end cap 38mm, many colors - PiippoShop | Manilla Oy\" \/>\n<meta property=\"og:description\" content=\"Nice way to end railing rope neatly.\" \/>\n<meta property=\"og:url\" content=\"https:\/\/www.piipposhop.com\/en\/product\/rope-end-cap-38mm-many-colors\/\" \/>\n<meta property=\"og:site_name\" content=\"PiippoShop | Manilla Oy\" \/>\n<meta property=\"article:modified_time\" content=\"2025-01-15T06:53:28+00:00\" \/>\n<meta property=\"og:image\" content=\"https:\/\/www.piipposhop.com\/content\/uploads\/2022\/02\/6408586890567_456-scaled.jpg\" \/>\n\t<meta property=\"og:image:width\" content=\"2560\" \/>\n\t<meta property=\"og:image:height\" content=\"1707\" \/>\n\t<meta property=\"og:image:type\" content=\"image\/jpeg\" \/>\n<meta name=\"twitter:card\" content=\"summary_large_image\" \/>\n<script type=\"application\/ld+json\" class=\"yoast-schema-graph\">{\"@context\":\"https:\\\/\\\/schema.org\",\"@graph\":[{\"@type\":\"WebPage\",\"@id\":\"https:\\\/\\\/www.piipposhop.com\\\/en\\\/product\\\/rope-end-cap-38mm-many-colors\\\/\",\"url\":\"https:\\\/\\\/www.piipposhop.com\\\/en\\\/product\\\/rope-end-cap-38mm-many-colors\\\/\",\"name\":\"Rope end cap 38mm, many colors - PiippoShop | Manilla Oy\",\"isPartOf\":{\"@id\":\"https:\\\/\\\/www.piipposhop.com\\\/en\\\/#website\"},\"primaryImageOfPage\":{\"@id\":\"https:\\\/\\\/www.piipposhop.com\\\/en\\\/product\\\/rope-end-cap-38mm-many-colors\\\/#primaryimage\"},\"image\":{\"@id\":\"https:\\\/\\\/www.piipposhop.com\\\/en\\\/product\\\/rope-end-cap-38mm-many-colors\\\/#primaryimage\"},\"thumbnailUrl\":\"https:\\\/\\\/www.piipposhop.com\\\/content\\\/uploads\\\/2022\\\/02\\\/6408586890567_456-scaled.jpg\",\"datePublished\":\"2022-02-09T14:20:20+00:00\",\"dateModified\":\"2025-01-15T06:53:28+00:00\",\"breadcrumb\":{\"@id\":\"https:\\\/\\\/www.piipposhop.com\\\/en\\\/product\\\/rope-end-cap-38mm-many-colors\\\/#breadcrumb\"},\"inLanguage\":\"en-US\",\"potentialAction\":[{\"@type\":\"ReadAction\",\"target\":[\"https:\\\/\\\/www.piipposhop.com\\\/en\\\/product\\\/rope-end-cap-38mm-many-colors\\\/\"]}]},{\"@type\":\"ImageObject\",\"inLanguage\":\"en-US\",\"@id\":\"https:\\\/\\\/www.piipposhop.com\\\/en\\\/product\\\/rope-end-cap-38mm-many-colors\\\/#primaryimage\",\"url\":\"https:\\\/\\\/www.piipposhop.com\\\/content\\\/uploads\\\/2022\\\/02\\\/6408586890567_456-scaled.jpg\",\"contentUrl\":\"https:\\\/\\\/www.piipposhop.com\\\/content\\\/uploads\\\/2022\\\/02\\\/6408586890567_456-scaled.jpg\",\"width\":2560,\"height\":1707,\"caption\":\"k\u00f6yden p\u00e4\u00e4tytulppa, k\u00f6ysikaide, terassitarvike - Piipposhop\"},{\"@type\":\"BreadcrumbList\",\"@id\":\"https:\\\/\\\/www.piipposhop.com\\\/en\\\/product\\\/rope-end-cap-38mm-many-colors\\\/#breadcrumb\",\"itemListElement\":[{\"@type\":\"ListItem\",\"position\":1,\"name\":\"Frontpage\",\"item\":\"https:\\\/\\\/www.piipposhop.com\\\/en\\\/\"},{\"@type\":\"ListItem\",\"position\":2,\"name\":\"Products\",\"item\":\"https:\\\/\\\/www.piipposhop.com\\\/en\\\/products\\\/\"},{\"@type\":\"ListItem\",\"position\":3,\"name\":\"Railing and decorative ropes\",\"item\":\"https:\\\/\\\/www.piipposhop.com\\\/en\\\/product-category\\\/railing-and-decorative-ropes\\\/\"},{\"@type\":\"ListItem\",\"position\":4,\"name\":\"Rope end cap 38mm, many colors\"}]},{\"@type\":\"WebSite\",\"@id\":\"https:\\\/\\\/www.piipposhop.com\\\/en\\\/#website\",\"url\":\"https:\\\/\\\/www.piipposhop.com\\\/en\\\/\",\"name\":\"PiippoShop | Manilla Oy\",\"description\":\"Yli 350 tuotetta sitomiseen, kiinnitt\u00e4miseen ja nostamiseen\",\"potentialAction\":[{\"@type\":\"SearchAction\",\"target\":{\"@type\":\"EntryPoint\",\"urlTemplate\":\"https:\\\/\\\/www.piipposhop.com\\\/en\\\/?s={search_term_string}\"},\"query-input\":{\"@type\":\"PropertyValueSpecification\",\"valueRequired\":true,\"valueName\":\"search_term_string\"}}],\"inLanguage\":\"en-US\"}]}<\/script>\n<!-- \/ Yoast SEO plugin. -->","yoast_head_json":{"title":"Rope end cap 38mm, many colors - PiippoShop | Manilla Oy","robots":{"index":"index","follow":"follow","max-snippet":"max-snippet:-1","max-image-preview":"max-image-preview:large","max-video-preview":"max-video-preview:-1"},"canonical":"https:\/\/www.piipposhop.com\/en\/product\/rope-end-cap-38mm-many-colors\/","og_locale":"en_US","og_type":"article","og_title":"Rope end cap 38mm, many colors - PiippoShop | Manilla Oy","og_description":"Nice way to end railing rope neatly.","og_url":"https:\/\/www.piipposhop.com\/en\/product\/rope-end-cap-38mm-many-colors\/","og_site_name":"PiippoShop | Manilla Oy","article_modified_time":"2025-01-15T06:53:28+00:00","og_image":[{"width":2560,"height":1707,"url":"https:\/\/www.piipposhop.com\/content\/uploads\/2022\/02\/6408586890567_456-scaled.jpg","type":"image\/jpeg"}],"twitter_card":"summary_large_image","schema":{"@context":"https:\/\/schema.org","@graph":[{"@type":"WebPage","@id":"https:\/\/www.piipposhop.com\/en\/product\/rope-end-cap-38mm-many-colors\/","url":"https:\/\/www.piipposhop.com\/en\/product\/rope-end-cap-38mm-many-colors\/","name":"Rope end cap 38mm, many colors - PiippoShop | Manilla Oy","isPartOf":{"@id":"https:\/\/www.piipposhop.com\/en\/#website"},"primaryImageOfPage":{"@id":"https:\/\/www.piipposhop.com\/en\/product\/rope-end-cap-38mm-many-colors\/#primaryimage"},"image":{"@id":"https:\/\/www.piipposhop.com\/en\/product\/rope-end-cap-38mm-many-colors\/#primaryimage"},"thumbnailUrl":"https:\/\/www.piipposhop.com\/content\/uploads\/2022\/02\/6408586890567_456-scaled.jpg","datePublished":"2022-02-09T14:20:20+00:00","dateModified":"2025-01-15T06:53:28+00:00","breadcrumb":{"@id":"https:\/\/www.piipposhop.com\/en\/product\/rope-end-cap-38mm-many-colors\/#breadcrumb"},"inLanguage":"en-US","potentialAction":[{"@type":"ReadAction","target":["https:\/\/www.piipposhop.com\/en\/product\/rope-end-cap-38mm-many-colors\/"]}]},{"@type":"ImageObject","inLanguage":"en-US","@id":"https:\/\/www.piipposhop.com\/en\/product\/rope-end-cap-38mm-many-colors\/#primaryimage","url":"https:\/\/www.piipposhop.com\/content\/uploads\/2022\/02\/6408586890567_456-scaled.jpg","contentUrl":"https:\/\/www.piipposhop.com\/content\/uploads\/2022\/02\/6408586890567_456-scaled.jpg","width":2560,"height":1707,"caption":"k\u00f6yden p\u00e4\u00e4tytulppa, k\u00f6ysikaide, terassitarvike - Piipposhop"},{"@type":"BreadcrumbList","@id":"https:\/\/www.piipposhop.com\/en\/product\/rope-end-cap-38mm-many-colors\/#breadcrumb","itemListElement":[{"@type":"ListItem","position":1,"name":"Frontpage","item":"https:\/\/www.piipposhop.com\/en\/"},{"@type":"ListItem","position":2,"name":"Products","item":"https:\/\/www.piipposhop.com\/en\/products\/"},{"@type":"ListItem","position":3,"name":"Railing and decorative ropes","item":"https:\/\/www.piipposhop.com\/en\/product-category\/railing-and-decorative-ropes\/"},{"@type":"ListItem","position":4,"name":"Rope end cap 38mm, many colors"}]},{"@type":"WebSite","@id":"https:\/\/www.piipposhop.com\/en\/#website","url":"https:\/\/www.piipposhop.com\/en\/","name":"PiippoShop | Manilla Oy","description":"Yli 350 tuotetta sitomiseen, kiinnitt\u00e4miseen ja nostamiseen","potentialAction":[{"@type":"SearchAction","target":{"@type":"EntryPoint","urlTemplate":"https:\/\/www.piipposhop.com\/en\/?s={search_term_string}"},"query-input":{"@type":"PropertyValueSpecification","valueRequired":true,"valueName":"search_term_string"}}],"inLanguage":"en-US"}]}},"_links":{"self":[{"href":"https:\/\/www.piipposhop.com\/en\/wp-json\/wp\/v2\/product\/2226","targetHints":{"allow":["GET"]}}],"collection":[{"href":"https:\/\/www.piipposhop.com\/en\/wp-json\/wp\/v2\/product"}],"about":[{"href":"https:\/\/www.piipposhop.com\/en\/wp-json\/wp\/v2\/types\/product"}],"wp:featuredmedia":[{"embeddable":true,"href":"https:\/\/www.piipposhop.com\/en\/wp-json\/wp\/v2\/media\/1466"}],"wp:attachment":[{"href":"https:\/\/www.piipposhop.com\/en\/wp-json\/wp\/v2\/media?parent=2226"}],"wp:term":[{"taxonomy":"product_brand","embeddable":true,"href":"https:\/\/www.piipposhop.com\/en\/wp-json\/wp\/v2\/product_brand?post=2226"},{"taxonomy":"product_cat","embeddable":true,"href":"https:\/\/www.piipposhop.com\/en\/wp-json\/wp\/v2\/product_cat?post=2226"},{"taxonomy":"product_tag","embeddable":true,"href":"https:\/\/www.piipposhop.com\/en\/wp-json\/wp\/v2\/product_tag?post=2226"}],"curies":[{"name":"wp","href":"https:\/\/api.w.org\/{rel}","templated":true}]}}