{"id":2214,"date":"2022-02-03T16:51:21","date_gmt":"2022-02-09T14:14:33","guid":{"rendered":"https:\/\/www.piipposhop.com\/?post_type=product&#038;p=2214"},"modified":"2024-02-10T10:14:23","modified_gmt":"2024-02-10T08:14:23","slug":"hemp-18mm-x-220m","status":"publish","type":"product","link":"https:\/\/www.piipposhop.com\/en\/product\/hemp-18mm-x-220m\/","title":{"rendered":"Hemp 18mm x 220m"},"content":{"rendered":"<p>Natural hemp rope is soft and pleasant to handle. It is made of soft hemp fiber and it is suitable for indoor use. The colour is brownish grey.<\/p>\n<p>For outdoor use, it should be noted that hemp is to be treated very carefully with an antimold agent. As natural fiber ropes absorb and release moisture, please allow 5-10% for shrinkage and expansion.<\/p>\n<p>For long-lasting outdoor use we recommend our hampex ropes. The technical data and odour of natural fiber ropes may vary due to the characteristics of the fibers.<\/p>\n","protected":false},"excerpt":{"rendered":"<p>Natural hemp rope is soft and pleasant to handle. It is made of soft hemp fiber and it is suitable for indoor use.<\/p>\n","protected":false},"featured_media":390,"template":"","meta":[],"product_brand":[],"product_cat":[863,211],"product_tag":[607,552,235,944,890,581],"class_list":{"0":"post-2214","1":"product","2":"type-product","3":"status-publish","4":"has-post-thumbnail","6":"product_cat-kaide-ja-sisustuskoydet-en","7":"product_cat-railing-and-decorative-ropes","8":"product_tag-for-interior-use","9":"product_tag-handrail-rope","10":"product_tag-hemp","11":"product_tag-kaidekoysi-en","12":"product_tag-luonnonkuitu-en","13":"product_tag-natural-fiber","15":"first","16":"instock","17":"taxable","18":"shipping-taxable","19":"purchasable","20":"product-type-simple"},"yoast_head":"<!-- This site is optimized with the Yoast SEO plugin v27.2 - https:\/\/yoast.com\/product\/yoast-seo-wordpress\/ -->\n<title>Hemp 18mm x 220m - PiippoShop | Manilla Oy<\/title>\n<meta name=\"robots\" content=\"index, follow, max-snippet:-1, max-image-preview:large, max-video-preview:-1\" \/>\n<link rel=\"canonical\" href=\"https:\/\/www.piipposhop.com\/en\/product\/hemp-18mm-x-220m\/\" \/>\n<meta property=\"og:locale\" content=\"en_US\" \/>\n<meta property=\"og:type\" content=\"article\" \/>\n<meta property=\"og:title\" content=\"Hemp 18mm x 220m - PiippoShop | Manilla Oy\" \/>\n<meta property=\"og:description\" content=\"Natural hemp rope is soft and pleasant to handle. It is made of soft hemp fiber and it is suitable for indoor use.\" \/>\n<meta property=\"og:url\" content=\"https:\/\/www.piipposhop.com\/en\/product\/hemp-18mm-x-220m\/\" \/>\n<meta property=\"og:site_name\" content=\"PiippoShop | Manilla Oy\" \/>\n<meta property=\"article:modified_time\" content=\"2024-02-10T08:14:23+00:00\" \/>\n<meta property=\"og:image\" content=\"https:\/\/www.piipposhop.com\/content\/uploads\/2022\/02\/6408586890956_448-scaled.jpg\" \/>\n\t<meta property=\"og:image:width\" content=\"2560\" \/>\n\t<meta property=\"og:image:height\" content=\"1707\" \/>\n\t<meta property=\"og:image:type\" content=\"image\/jpeg\" \/>\n<meta name=\"twitter:card\" content=\"summary_large_image\" \/>\n<meta name=\"twitter:label1\" content=\"Est. reading time\" \/>\n\t<meta name=\"twitter:data1\" content=\"1 minute\" \/>\n<script type=\"application\/ld+json\" class=\"yoast-schema-graph\">{\"@context\":\"https:\/\/schema.org\",\"@graph\":[{\"@type\":\"WebPage\",\"@id\":\"https:\/\/www.piipposhop.com\/en\/product\/hemp-18mm-x-220m\/\",\"url\":\"https:\/\/www.piipposhop.com\/en\/product\/hemp-18mm-x-220m\/\",\"name\":\"Hemp 18mm x 220m - PiippoShop | Manilla Oy\",\"isPartOf\":{\"@id\":\"https:\/\/www.piipposhop.com\/en\/#website\"},\"primaryImageOfPage\":{\"@id\":\"https:\/\/www.piipposhop.com\/en\/product\/hemp-18mm-x-220m\/#primaryimage\"},\"image\":{\"@id\":\"https:\/\/www.piipposhop.com\/en\/product\/hemp-18mm-x-220m\/#primaryimage\"},\"thumbnailUrl\":\"https:\/\/www.piipposhop.com\/content\/uploads\/2022\/02\/6408586890956_448-scaled.jpg\",\"datePublished\":\"2022-02-09T14:14:33+00:00\",\"dateModified\":\"2024-02-10T08:14:23+00:00\",\"breadcrumb\":{\"@id\":\"https:\/\/www.piipposhop.com\/en\/product\/hemp-18mm-x-220m\/#breadcrumb\"},\"inLanguage\":\"en-US\",\"potentialAction\":[{\"@type\":\"ReadAction\",\"target\":[\"https:\/\/www.piipposhop.com\/en\/product\/hemp-18mm-x-220m\/\"]}]},{\"@type\":\"ImageObject\",\"inLanguage\":\"en-US\",\"@id\":\"https:\/\/www.piipposhop.com\/en\/product\/hemp-18mm-x-220m\/#primaryimage\",\"url\":\"https:\/\/www.piipposhop.com\/content\/uploads\/2022\/02\/6408586890956_448-scaled.jpg\",\"contentUrl\":\"https:\/\/www.piipposhop.com\/content\/uploads\/2022\/02\/6408586890956_448-scaled.jpg\",\"width\":2560,\"height\":1707,\"caption\":\"hamppuk\u00f6ysi, kuituk\u00f6ysi, sisustusk\u00f6ysi, terassik\u00f6ysi - Piipposhop\"},{\"@type\":\"BreadcrumbList\",\"@id\":\"https:\/\/www.piipposhop.com\/en\/product\/hemp-18mm-x-220m\/#breadcrumb\",\"itemListElement\":[{\"@type\":\"ListItem\",\"position\":1,\"name\":\"Frontpage\",\"item\":\"https:\/\/www.piipposhop.com\/en\/\"},{\"@type\":\"ListItem\",\"position\":2,\"name\":\"Products\",\"item\":\"https:\/\/www.piipposhop.com\/en\/products\/\"},{\"@type\":\"ListItem\",\"position\":3,\"name\":\"Railing and decorative ropes\",\"item\":\"https:\/\/www.piipposhop.com\/en\/product-category\/railing-and-decorative-ropes\/\"},{\"@type\":\"ListItem\",\"position\":4,\"name\":\"Hemp 18mm x 220m\"}]},{\"@type\":\"WebSite\",\"@id\":\"https:\/\/www.piipposhop.com\/en\/#website\",\"url\":\"https:\/\/www.piipposhop.com\/en\/\",\"name\":\"PiippoShop | Manilla Oy\",\"description\":\"Yli 350 tuotetta sitomiseen, kiinnitt\u00e4miseen ja nostamiseen\",\"potentialAction\":[{\"@type\":\"SearchAction\",\"target\":{\"@type\":\"EntryPoint\",\"urlTemplate\":\"https:\/\/www.piipposhop.com\/en\/?s={search_term_string}\"},\"query-input\":{\"@type\":\"PropertyValueSpecification\",\"valueRequired\":true,\"valueName\":\"search_term_string\"}}],\"inLanguage\":\"en-US\"}]}<\/script>\n<!-- \/ Yoast SEO plugin. -->","yoast_head_json":{"title":"Hemp 18mm x 220m - PiippoShop | Manilla Oy","robots":{"index":"index","follow":"follow","max-snippet":"max-snippet:-1","max-image-preview":"max-image-preview:large","max-video-preview":"max-video-preview:-1"},"canonical":"https:\/\/www.piipposhop.com\/en\/product\/hemp-18mm-x-220m\/","og_locale":"en_US","og_type":"article","og_title":"Hemp 18mm x 220m - PiippoShop | Manilla Oy","og_description":"Natural hemp rope is soft and pleasant to handle. It is made of soft hemp fiber and it is suitable for indoor use.","og_url":"https:\/\/www.piipposhop.com\/en\/product\/hemp-18mm-x-220m\/","og_site_name":"PiippoShop | Manilla Oy","article_modified_time":"2024-02-10T08:14:23+00:00","og_image":[{"width":2560,"height":1707,"url":"https:\/\/www.piipposhop.com\/content\/uploads\/2022\/02\/6408586890956_448-scaled.jpg","type":"image\/jpeg"}],"twitter_card":"summary_large_image","twitter_misc":{"Est. reading time":"1 minute"},"schema":{"@context":"https:\/\/schema.org","@graph":[{"@type":"WebPage","@id":"https:\/\/www.piipposhop.com\/en\/product\/hemp-18mm-x-220m\/","url":"https:\/\/www.piipposhop.com\/en\/product\/hemp-18mm-x-220m\/","name":"Hemp 18mm x 220m - PiippoShop | Manilla Oy","isPartOf":{"@id":"https:\/\/www.piipposhop.com\/en\/#website"},"primaryImageOfPage":{"@id":"https:\/\/www.piipposhop.com\/en\/product\/hemp-18mm-x-220m\/#primaryimage"},"image":{"@id":"https:\/\/www.piipposhop.com\/en\/product\/hemp-18mm-x-220m\/#primaryimage"},"thumbnailUrl":"https:\/\/www.piipposhop.com\/content\/uploads\/2022\/02\/6408586890956_448-scaled.jpg","datePublished":"2022-02-09T14:14:33+00:00","dateModified":"2024-02-10T08:14:23+00:00","breadcrumb":{"@id":"https:\/\/www.piipposhop.com\/en\/product\/hemp-18mm-x-220m\/#breadcrumb"},"inLanguage":"en-US","potentialAction":[{"@type":"ReadAction","target":["https:\/\/www.piipposhop.com\/en\/product\/hemp-18mm-x-220m\/"]}]},{"@type":"ImageObject","inLanguage":"en-US","@id":"https:\/\/www.piipposhop.com\/en\/product\/hemp-18mm-x-220m\/#primaryimage","url":"https:\/\/www.piipposhop.com\/content\/uploads\/2022\/02\/6408586890956_448-scaled.jpg","contentUrl":"https:\/\/www.piipposhop.com\/content\/uploads\/2022\/02\/6408586890956_448-scaled.jpg","width":2560,"height":1707,"caption":"hamppuk\u00f6ysi, kuituk\u00f6ysi, sisustusk\u00f6ysi, terassik\u00f6ysi - Piipposhop"},{"@type":"BreadcrumbList","@id":"https:\/\/www.piipposhop.com\/en\/product\/hemp-18mm-x-220m\/#breadcrumb","itemListElement":[{"@type":"ListItem","position":1,"name":"Frontpage","item":"https:\/\/www.piipposhop.com\/en\/"},{"@type":"ListItem","position":2,"name":"Products","item":"https:\/\/www.piipposhop.com\/en\/products\/"},{"@type":"ListItem","position":3,"name":"Railing and decorative ropes","item":"https:\/\/www.piipposhop.com\/en\/product-category\/railing-and-decorative-ropes\/"},{"@type":"ListItem","position":4,"name":"Hemp 18mm x 220m"}]},{"@type":"WebSite","@id":"https:\/\/www.piipposhop.com\/en\/#website","url":"https:\/\/www.piipposhop.com\/en\/","name":"PiippoShop | Manilla Oy","description":"Yli 350 tuotetta sitomiseen, kiinnitt\u00e4miseen ja nostamiseen","potentialAction":[{"@type":"SearchAction","target":{"@type":"EntryPoint","urlTemplate":"https:\/\/www.piipposhop.com\/en\/?s={search_term_string}"},"query-input":{"@type":"PropertyValueSpecification","valueRequired":true,"valueName":"search_term_string"}}],"inLanguage":"en-US"}]}},"_links":{"self":[{"href":"https:\/\/www.piipposhop.com\/en\/wp-json\/wp\/v2\/product\/2214","targetHints":{"allow":["GET"]}}],"collection":[{"href":"https:\/\/www.piipposhop.com\/en\/wp-json\/wp\/v2\/product"}],"about":[{"href":"https:\/\/www.piipposhop.com\/en\/wp-json\/wp\/v2\/types\/product"}],"wp:featuredmedia":[{"embeddable":true,"href":"https:\/\/www.piipposhop.com\/en\/wp-json\/wp\/v2\/media\/390"}],"wp:attachment":[{"href":"https:\/\/www.piipposhop.com\/en\/wp-json\/wp\/v2\/media?parent=2214"}],"wp:term":[{"taxonomy":"product_brand","embeddable":true,"href":"https:\/\/www.piipposhop.com\/en\/wp-json\/wp\/v2\/product_brand?post=2214"},{"taxonomy":"product_cat","embeddable":true,"href":"https:\/\/www.piipposhop.com\/en\/wp-json\/wp\/v2\/product_cat?post=2214"},{"taxonomy":"product_tag","embeddable":true,"href":"https:\/\/www.piipposhop.com\/en\/wp-json\/wp\/v2\/product_tag?post=2214"}],"curies":[{"name":"wp","href":"https:\/\/api.w.org\/{rel}","templated":true}]}}