{"id":2177,"date":"2022-02-04T14:17:13","date_gmt":"2022-02-09T13:24:39","guid":{"rendered":"https:\/\/www.piipposhop.com\/?post_type=product&#038;p=2177"},"modified":"2024-02-10T10:14:30","modified_gmt":"2024-02-10T08:14:30","slug":"synthetic-hemp-black-36mm-many-lengths","status":"publish","type":"product","link":"https:\/\/www.piipposhop.com\/en\/product\/synthetic-hemp-black-36mm-many-lengths\/","title":{"rendered":"Synthetic hemp black 36mm, many lengths"},"content":{"rendered":"","protected":false},"excerpt":{"rendered":"<p>Synthetic railing and decorative ropes are a long-lasting choice. The popularity of hampex can be explained by the durable and resistant material. All of our railing and decorative ropes are suitable for outdoor use and are totally maintenance free. Made with modern technology, the synthetic hampex looks like genuine hemp and is difficult to distinguish from the genuine hemp by looks alone.<\/p>\n","protected":false},"featured_media":1258,"template":"","meta":[],"product_brand":[],"product_cat":[23],"product_tag":[],"class_list":{"0":"post-2177","1":"product","2":"type-product","3":"status-publish","4":"has-post-thumbnail","6":"product_cat-piippo-new","8":"first","9":"outofstock","10":"taxable","11":"shipping-taxable","12":"purchasable","13":"product-type-variable","14":"has-default-attributes"},"yoast_head":"<!-- This site is optimized with the Yoast SEO plugin v27.4 - https:\/\/yoast.com\/product\/yoast-seo-wordpress\/ -->\n<title>Synthetic hemp black 36mm, many lengths - PiippoShop | Manilla Oy<\/title>\n<meta name=\"robots\" content=\"index, follow, max-snippet:-1, max-image-preview:large, max-video-preview:-1\" \/>\n<link rel=\"canonical\" href=\"https:\/\/www.piipposhop.com\/en\/product\/synthetic-hemp-black-36mm-many-lengths\/\" \/>\n<meta property=\"og:locale\" content=\"en_US\" \/>\n<meta property=\"og:type\" content=\"article\" \/>\n<meta property=\"og:title\" content=\"Synthetic hemp black 36mm, many lengths - PiippoShop | Manilla Oy\" \/>\n<meta property=\"og:description\" content=\"Synthetic railing and decorative ropes are a long-lasting choice. The popularity of hampex can be explained by the durable and resistant material. All of our railing and decorative ropes are suitable for outdoor use and are totally maintenance free. Made with modern technology, the synthetic hampex looks like genuine hemp and is difficult to distinguish from the genuine hemp by looks alone.\" \/>\n<meta property=\"og:url\" content=\"https:\/\/www.piipposhop.com\/en\/product\/synthetic-hemp-black-36mm-many-lengths\/\" \/>\n<meta property=\"og:site_name\" content=\"PiippoShop | Manilla Oy\" \/>\n<meta property=\"article:modified_time\" content=\"2024-02-10T08:14:30+00:00\" \/>\n<meta property=\"og:image\" content=\"https:\/\/www.piipposhop.com\/content\/uploads\/2022\/02\/6408586890611_441.jpg\" \/>\n\t<meta property=\"og:image:width\" content=\"613\" \/>\n\t<meta property=\"og:image:height\" content=\"563\" \/>\n\t<meta property=\"og:image:type\" content=\"image\/jpeg\" \/>\n<meta name=\"twitter:card\" content=\"summary_large_image\" \/>\n<script type=\"application\/ld+json\" class=\"yoast-schema-graph\">{\"@context\":\"https:\\\/\\\/schema.org\",\"@graph\":[{\"@type\":\"WebPage\",\"@id\":\"https:\\\/\\\/www.piipposhop.com\\\/en\\\/product\\\/synthetic-hemp-black-36mm-many-lengths\\\/\",\"url\":\"https:\\\/\\\/www.piipposhop.com\\\/en\\\/product\\\/synthetic-hemp-black-36mm-many-lengths\\\/\",\"name\":\"Synthetic hemp black 36mm, many lengths - PiippoShop | Manilla Oy\",\"isPartOf\":{\"@id\":\"https:\\\/\\\/www.piipposhop.com\\\/en\\\/#website\"},\"primaryImageOfPage\":{\"@id\":\"https:\\\/\\\/www.piipposhop.com\\\/en\\\/product\\\/synthetic-hemp-black-36mm-many-lengths\\\/#primaryimage\"},\"image\":{\"@id\":\"https:\\\/\\\/www.piipposhop.com\\\/en\\\/product\\\/synthetic-hemp-black-36mm-many-lengths\\\/#primaryimage\"},\"thumbnailUrl\":\"https:\\\/\\\/www.piipposhop.com\\\/content\\\/uploads\\\/2022\\\/02\\\/6408586890611_441.jpg\",\"datePublished\":\"2022-02-09T13:24:39+00:00\",\"dateModified\":\"2024-02-10T08:14:30+00:00\",\"breadcrumb\":{\"@id\":\"https:\\\/\\\/www.piipposhop.com\\\/en\\\/product\\\/synthetic-hemp-black-36mm-many-lengths\\\/#breadcrumb\"},\"inLanguage\":\"en-US\",\"potentialAction\":[{\"@type\":\"ReadAction\",\"target\":[\"https:\\\/\\\/www.piipposhop.com\\\/en\\\/product\\\/synthetic-hemp-black-36mm-many-lengths\\\/\"]}]},{\"@type\":\"ImageObject\",\"inLanguage\":\"en-US\",\"@id\":\"https:\\\/\\\/www.piipposhop.com\\\/en\\\/product\\\/synthetic-hemp-black-36mm-many-lengths\\\/#primaryimage\",\"url\":\"https:\\\/\\\/www.piipposhop.com\\\/content\\\/uploads\\\/2022\\\/02\\\/6408586890611_441.jpg\",\"contentUrl\":\"https:\\\/\\\/www.piipposhop.com\\\/content\\\/uploads\\\/2022\\\/02\\\/6408586890611_441.jpg\",\"width\":613,\"height\":563,\"caption\":\"terassin kaide, kaidek\u00f6ysi, sisustusk\u00f6ysi, hamppuk\u00f6ysi - Piipposhop\"},{\"@type\":\"BreadcrumbList\",\"@id\":\"https:\\\/\\\/www.piipposhop.com\\\/en\\\/product\\\/synthetic-hemp-black-36mm-many-lengths\\\/#breadcrumb\",\"itemListElement\":[{\"@type\":\"ListItem\",\"position\":1,\"name\":\"Frontpage\",\"item\":\"https:\\\/\\\/www.piipposhop.com\\\/en\\\/\"},{\"@type\":\"ListItem\",\"position\":2,\"name\":\"Products\",\"item\":\"https:\\\/\\\/www.piipposhop.com\\\/en\\\/products\\\/\"},{\"@type\":\"ListItem\",\"position\":3,\"name\":\"Railing and decorative ropes\",\"item\":\"https:\\\/\\\/www.piipposhop.com\\\/en\\\/product-category\\\/railing-and-decorative-ropes\\\/\"},{\"@type\":\"ListItem\",\"position\":4,\"name\":\"Synthetic hemp black 36mm, many lengths\"}]},{\"@type\":\"WebSite\",\"@id\":\"https:\\\/\\\/www.piipposhop.com\\\/en\\\/#website\",\"url\":\"https:\\\/\\\/www.piipposhop.com\\\/en\\\/\",\"name\":\"PiippoShop | Manilla Oy\",\"description\":\"Yli 350 tuotetta sitomiseen, kiinnitt\u00e4miseen ja nostamiseen\",\"potentialAction\":[{\"@type\":\"SearchAction\",\"target\":{\"@type\":\"EntryPoint\",\"urlTemplate\":\"https:\\\/\\\/www.piipposhop.com\\\/en\\\/?s={search_term_string}\"},\"query-input\":{\"@type\":\"PropertyValueSpecification\",\"valueRequired\":true,\"valueName\":\"search_term_string\"}}],\"inLanguage\":\"en-US\"}]}<\/script>\n<!-- \/ Yoast SEO plugin. -->","yoast_head_json":{"title":"Synthetic hemp black 36mm, many lengths - PiippoShop | Manilla Oy","robots":{"index":"index","follow":"follow","max-snippet":"max-snippet:-1","max-image-preview":"max-image-preview:large","max-video-preview":"max-video-preview:-1"},"canonical":"https:\/\/www.piipposhop.com\/en\/product\/synthetic-hemp-black-36mm-many-lengths\/","og_locale":"en_US","og_type":"article","og_title":"Synthetic hemp black 36mm, many lengths - PiippoShop | Manilla Oy","og_description":"Synthetic railing and decorative ropes are a long-lasting choice. The popularity of hampex can be explained by the durable and resistant material. All of our railing and decorative ropes are suitable for outdoor use and are totally maintenance free. Made with modern technology, the synthetic hampex looks like genuine hemp and is difficult to distinguish from the genuine hemp by looks alone.","og_url":"https:\/\/www.piipposhop.com\/en\/product\/synthetic-hemp-black-36mm-many-lengths\/","og_site_name":"PiippoShop | Manilla Oy","article_modified_time":"2024-02-10T08:14:30+00:00","og_image":[{"width":613,"height":563,"url":"https:\/\/www.piipposhop.com\/content\/uploads\/2022\/02\/6408586890611_441.jpg","type":"image\/jpeg"}],"twitter_card":"summary_large_image","schema":{"@context":"https:\/\/schema.org","@graph":[{"@type":"WebPage","@id":"https:\/\/www.piipposhop.com\/en\/product\/synthetic-hemp-black-36mm-many-lengths\/","url":"https:\/\/www.piipposhop.com\/en\/product\/synthetic-hemp-black-36mm-many-lengths\/","name":"Synthetic hemp black 36mm, many lengths - PiippoShop | Manilla Oy","isPartOf":{"@id":"https:\/\/www.piipposhop.com\/en\/#website"},"primaryImageOfPage":{"@id":"https:\/\/www.piipposhop.com\/en\/product\/synthetic-hemp-black-36mm-many-lengths\/#primaryimage"},"image":{"@id":"https:\/\/www.piipposhop.com\/en\/product\/synthetic-hemp-black-36mm-many-lengths\/#primaryimage"},"thumbnailUrl":"https:\/\/www.piipposhop.com\/content\/uploads\/2022\/02\/6408586890611_441.jpg","datePublished":"2022-02-09T13:24:39+00:00","dateModified":"2024-02-10T08:14:30+00:00","breadcrumb":{"@id":"https:\/\/www.piipposhop.com\/en\/product\/synthetic-hemp-black-36mm-many-lengths\/#breadcrumb"},"inLanguage":"en-US","potentialAction":[{"@type":"ReadAction","target":["https:\/\/www.piipposhop.com\/en\/product\/synthetic-hemp-black-36mm-many-lengths\/"]}]},{"@type":"ImageObject","inLanguage":"en-US","@id":"https:\/\/www.piipposhop.com\/en\/product\/synthetic-hemp-black-36mm-many-lengths\/#primaryimage","url":"https:\/\/www.piipposhop.com\/content\/uploads\/2022\/02\/6408586890611_441.jpg","contentUrl":"https:\/\/www.piipposhop.com\/content\/uploads\/2022\/02\/6408586890611_441.jpg","width":613,"height":563,"caption":"terassin kaide, kaidek\u00f6ysi, sisustusk\u00f6ysi, hamppuk\u00f6ysi - Piipposhop"},{"@type":"BreadcrumbList","@id":"https:\/\/www.piipposhop.com\/en\/product\/synthetic-hemp-black-36mm-many-lengths\/#breadcrumb","itemListElement":[{"@type":"ListItem","position":1,"name":"Frontpage","item":"https:\/\/www.piipposhop.com\/en\/"},{"@type":"ListItem","position":2,"name":"Products","item":"https:\/\/www.piipposhop.com\/en\/products\/"},{"@type":"ListItem","position":3,"name":"Railing and decorative ropes","item":"https:\/\/www.piipposhop.com\/en\/product-category\/railing-and-decorative-ropes\/"},{"@type":"ListItem","position":4,"name":"Synthetic hemp black 36mm, many lengths"}]},{"@type":"WebSite","@id":"https:\/\/www.piipposhop.com\/en\/#website","url":"https:\/\/www.piipposhop.com\/en\/","name":"PiippoShop | Manilla Oy","description":"Yli 350 tuotetta sitomiseen, kiinnitt\u00e4miseen ja nostamiseen","potentialAction":[{"@type":"SearchAction","target":{"@type":"EntryPoint","urlTemplate":"https:\/\/www.piipposhop.com\/en\/?s={search_term_string}"},"query-input":{"@type":"PropertyValueSpecification","valueRequired":true,"valueName":"search_term_string"}}],"inLanguage":"en-US"}]}},"_links":{"self":[{"href":"https:\/\/www.piipposhop.com\/en\/wp-json\/wp\/v2\/product\/2177","targetHints":{"allow":["GET"]}}],"collection":[{"href":"https:\/\/www.piipposhop.com\/en\/wp-json\/wp\/v2\/product"}],"about":[{"href":"https:\/\/www.piipposhop.com\/en\/wp-json\/wp\/v2\/types\/product"}],"wp:featuredmedia":[{"embeddable":true,"href":"https:\/\/www.piipposhop.com\/en\/wp-json\/wp\/v2\/media\/1258"}],"wp:attachment":[{"href":"https:\/\/www.piipposhop.com\/en\/wp-json\/wp\/v2\/media?parent=2177"}],"wp:term":[{"taxonomy":"product_brand","embeddable":true,"href":"https:\/\/www.piipposhop.com\/en\/wp-json\/wp\/v2\/product_brand?post=2177"},{"taxonomy":"product_cat","embeddable":true,"href":"https:\/\/www.piipposhop.com\/en\/wp-json\/wp\/v2\/product_cat?post=2177"},{"taxonomy":"product_tag","embeddable":true,"href":"https:\/\/www.piipposhop.com\/en\/wp-json\/wp\/v2\/product_tag?post=2177"}],"curies":[{"name":"wp","href":"https:\/\/api.w.org\/{rel}","templated":true}]}}