{"id":2168,"date":"2022-02-04T14:23:55","date_gmt":"2022-02-09T13:17:47","guid":{"rendered":"https:\/\/www.piipposhop.com\/?post_type=product&#038;p=2168"},"modified":"2025-01-15T08:32:31","modified_gmt":"2025-01-15T06:32:31","slug":"rope-holder-38mm-many-colors","status":"publish","type":"product","link":"https:\/\/www.piipposhop.com\/en\/product\/rope-holder-38mm-many-colors\/","title":{"rendered":"Rope holder 38mm, many colors"},"content":{"rendered":"","protected":false},"excerpt":{"rendered":"<p>The railholder is fastened with a screw from the bottom to, e.g. a solid wall, or a rope post. The rope is anchored to a support bracket using a knob screw.<\/p>\n","protected":false},"featured_media":1448,"template":"","meta":[],"product_brand":[],"product_cat":[23],"product_tag":[],"class_list":{"0":"post-2168","1":"product","2":"type-product","3":"status-publish","4":"has-post-thumbnail","6":"product_cat-piippo-new","8":"first","9":"outofstock","10":"taxable","11":"shipping-taxable","12":"purchasable","13":"product-type-variable","14":"has-default-attributes"},"yoast_head":"<!-- This site is optimized with the Yoast SEO plugin v27.4 - https:\/\/yoast.com\/product\/yoast-seo-wordpress\/ -->\n<title>Rope holder 38mm, many colors - PiippoShop | Manilla Oy<\/title>\n<meta name=\"robots\" content=\"index, follow, max-snippet:-1, max-image-preview:large, max-video-preview:-1\" \/>\n<link rel=\"canonical\" href=\"https:\/\/www.piipposhop.com\/en\/product\/rope-holder-38mm-many-colors\/\" \/>\n<meta property=\"og:locale\" content=\"en_US\" \/>\n<meta property=\"og:type\" content=\"article\" \/>\n<meta property=\"og:title\" content=\"Rope holder 38mm, many colors - PiippoShop | Manilla Oy\" \/>\n<meta property=\"og:description\" content=\"The railholder is fastened with a screw from the bottom to, e.g. a solid wall, or a rope post. The rope is anchored to a support bracket using a knob screw.\" \/>\n<meta property=\"og:url\" content=\"https:\/\/www.piipposhop.com\/en\/product\/rope-holder-38mm-many-colors\/\" \/>\n<meta property=\"og:site_name\" content=\"PiippoShop | Manilla Oy\" \/>\n<meta property=\"article:modified_time\" content=\"2025-01-15T06:32:31+00:00\" \/>\n<meta property=\"og:image\" content=\"https:\/\/www.piipposhop.com\/content\/uploads\/2022\/02\/6408586890574_923.jpg\" \/>\n\t<meta property=\"og:image:width\" content=\"1477\" \/>\n\t<meta property=\"og:image:height\" content=\"2023\" \/>\n\t<meta property=\"og:image:type\" content=\"image\/jpeg\" \/>\n<meta name=\"twitter:card\" content=\"summary_large_image\" \/>\n<script type=\"application\/ld+json\" class=\"yoast-schema-graph\">{\"@context\":\"https:\\\/\\\/schema.org\",\"@graph\":[{\"@type\":\"WebPage\",\"@id\":\"https:\\\/\\\/www.piipposhop.com\\\/en\\\/product\\\/rope-holder-38mm-many-colors\\\/\",\"url\":\"https:\\\/\\\/www.piipposhop.com\\\/en\\\/product\\\/rope-holder-38mm-many-colors\\\/\",\"name\":\"Rope holder 38mm, many colors - PiippoShop | Manilla Oy\",\"isPartOf\":{\"@id\":\"https:\\\/\\\/www.piipposhop.com\\\/en\\\/#website\"},\"primaryImageOfPage\":{\"@id\":\"https:\\\/\\\/www.piipposhop.com\\\/en\\\/product\\\/rope-holder-38mm-many-colors\\\/#primaryimage\"},\"image\":{\"@id\":\"https:\\\/\\\/www.piipposhop.com\\\/en\\\/product\\\/rope-holder-38mm-many-colors\\\/#primaryimage\"},\"thumbnailUrl\":\"https:\\\/\\\/www.piipposhop.com\\\/content\\\/uploads\\\/2022\\\/02\\\/6408586890574_923.jpg\",\"datePublished\":\"2022-02-09T13:17:47+00:00\",\"dateModified\":\"2025-01-15T06:32:31+00:00\",\"breadcrumb\":{\"@id\":\"https:\\\/\\\/www.piipposhop.com\\\/en\\\/product\\\/rope-holder-38mm-many-colors\\\/#breadcrumb\"},\"inLanguage\":\"en-US\",\"potentialAction\":[{\"@type\":\"ReadAction\",\"target\":[\"https:\\\/\\\/www.piipposhop.com\\\/en\\\/product\\\/rope-holder-38mm-many-colors\\\/\"]}]},{\"@type\":\"ImageObject\",\"inLanguage\":\"en-US\",\"@id\":\"https:\\\/\\\/www.piipposhop.com\\\/en\\\/product\\\/rope-holder-38mm-many-colors\\\/#primaryimage\",\"url\":\"https:\\\/\\\/www.piipposhop.com\\\/content\\\/uploads\\\/2022\\\/02\\\/6408586890574_923.jpg\",\"contentUrl\":\"https:\\\/\\\/www.piipposhop.com\\\/content\\\/uploads\\\/2022\\\/02\\\/6408586890574_923.jpg\",\"width\":1477,\"height\":2023,\"caption\":\"sisustusk\u00f6ysi, k\u00f6yden kannatin, kaidek\u00f6ysi, k\u00f6ysi kaide - Piipposhop\"},{\"@type\":\"BreadcrumbList\",\"@id\":\"https:\\\/\\\/www.piipposhop.com\\\/en\\\/product\\\/rope-holder-38mm-many-colors\\\/#breadcrumb\",\"itemListElement\":[{\"@type\":\"ListItem\",\"position\":1,\"name\":\"Frontpage\",\"item\":\"https:\\\/\\\/www.piipposhop.com\\\/en\\\/\"},{\"@type\":\"ListItem\",\"position\":2,\"name\":\"Products\",\"item\":\"https:\\\/\\\/www.piipposhop.com\\\/en\\\/products\\\/\"},{\"@type\":\"ListItem\",\"position\":3,\"name\":\"Railing and decorative ropes\",\"item\":\"https:\\\/\\\/www.piipposhop.com\\\/en\\\/product-category\\\/railing-and-decorative-ropes\\\/\"},{\"@type\":\"ListItem\",\"position\":4,\"name\":\"Kaide- ja sisustusk\u00f6ysien tarvikkeet\",\"item\":\"https:\\\/\\\/www.piipposhop.com\\\/en\\\/product-category\\\/kaide-ja-sisustuskoysien-tarvikkeet-en\\\/\"},{\"@type\":\"ListItem\",\"position\":5,\"name\":\"Rope holder 38mm, many colors\"}]},{\"@type\":\"WebSite\",\"@id\":\"https:\\\/\\\/www.piipposhop.com\\\/en\\\/#website\",\"url\":\"https:\\\/\\\/www.piipposhop.com\\\/en\\\/\",\"name\":\"PiippoShop | Manilla Oy\",\"description\":\"Yli 350 tuotetta sitomiseen, kiinnitt\u00e4miseen ja nostamiseen\",\"potentialAction\":[{\"@type\":\"SearchAction\",\"target\":{\"@type\":\"EntryPoint\",\"urlTemplate\":\"https:\\\/\\\/www.piipposhop.com\\\/en\\\/?s={search_term_string}\"},\"query-input\":{\"@type\":\"PropertyValueSpecification\",\"valueRequired\":true,\"valueName\":\"search_term_string\"}}],\"inLanguage\":\"en-US\"}]}<\/script>\n<!-- \/ Yoast SEO plugin. -->","yoast_head_json":{"title":"Rope holder 38mm, many colors - PiippoShop | Manilla Oy","robots":{"index":"index","follow":"follow","max-snippet":"max-snippet:-1","max-image-preview":"max-image-preview:large","max-video-preview":"max-video-preview:-1"},"canonical":"https:\/\/www.piipposhop.com\/en\/product\/rope-holder-38mm-many-colors\/","og_locale":"en_US","og_type":"article","og_title":"Rope holder 38mm, many colors - PiippoShop | Manilla Oy","og_description":"The railholder is fastened with a screw from the bottom to, e.g. a solid wall, or a rope post. The rope is anchored to a support bracket using a knob screw.","og_url":"https:\/\/www.piipposhop.com\/en\/product\/rope-holder-38mm-many-colors\/","og_site_name":"PiippoShop | Manilla Oy","article_modified_time":"2025-01-15T06:32:31+00:00","og_image":[{"width":1477,"height":2023,"url":"https:\/\/www.piipposhop.com\/content\/uploads\/2022\/02\/6408586890574_923.jpg","type":"image\/jpeg"}],"twitter_card":"summary_large_image","schema":{"@context":"https:\/\/schema.org","@graph":[{"@type":"WebPage","@id":"https:\/\/www.piipposhop.com\/en\/product\/rope-holder-38mm-many-colors\/","url":"https:\/\/www.piipposhop.com\/en\/product\/rope-holder-38mm-many-colors\/","name":"Rope holder 38mm, many colors - PiippoShop | Manilla Oy","isPartOf":{"@id":"https:\/\/www.piipposhop.com\/en\/#website"},"primaryImageOfPage":{"@id":"https:\/\/www.piipposhop.com\/en\/product\/rope-holder-38mm-many-colors\/#primaryimage"},"image":{"@id":"https:\/\/www.piipposhop.com\/en\/product\/rope-holder-38mm-many-colors\/#primaryimage"},"thumbnailUrl":"https:\/\/www.piipposhop.com\/content\/uploads\/2022\/02\/6408586890574_923.jpg","datePublished":"2022-02-09T13:17:47+00:00","dateModified":"2025-01-15T06:32:31+00:00","breadcrumb":{"@id":"https:\/\/www.piipposhop.com\/en\/product\/rope-holder-38mm-many-colors\/#breadcrumb"},"inLanguage":"en-US","potentialAction":[{"@type":"ReadAction","target":["https:\/\/www.piipposhop.com\/en\/product\/rope-holder-38mm-many-colors\/"]}]},{"@type":"ImageObject","inLanguage":"en-US","@id":"https:\/\/www.piipposhop.com\/en\/product\/rope-holder-38mm-many-colors\/#primaryimage","url":"https:\/\/www.piipposhop.com\/content\/uploads\/2022\/02\/6408586890574_923.jpg","contentUrl":"https:\/\/www.piipposhop.com\/content\/uploads\/2022\/02\/6408586890574_923.jpg","width":1477,"height":2023,"caption":"sisustusk\u00f6ysi, k\u00f6yden kannatin, kaidek\u00f6ysi, k\u00f6ysi kaide - Piipposhop"},{"@type":"BreadcrumbList","@id":"https:\/\/www.piipposhop.com\/en\/product\/rope-holder-38mm-many-colors\/#breadcrumb","itemListElement":[{"@type":"ListItem","position":1,"name":"Frontpage","item":"https:\/\/www.piipposhop.com\/en\/"},{"@type":"ListItem","position":2,"name":"Products","item":"https:\/\/www.piipposhop.com\/en\/products\/"},{"@type":"ListItem","position":3,"name":"Railing and decorative ropes","item":"https:\/\/www.piipposhop.com\/en\/product-category\/railing-and-decorative-ropes\/"},{"@type":"ListItem","position":4,"name":"Kaide- ja sisustusk\u00f6ysien tarvikkeet","item":"https:\/\/www.piipposhop.com\/en\/product-category\/kaide-ja-sisustuskoysien-tarvikkeet-en\/"},{"@type":"ListItem","position":5,"name":"Rope holder 38mm, many colors"}]},{"@type":"WebSite","@id":"https:\/\/www.piipposhop.com\/en\/#website","url":"https:\/\/www.piipposhop.com\/en\/","name":"PiippoShop | Manilla Oy","description":"Yli 350 tuotetta sitomiseen, kiinnitt\u00e4miseen ja nostamiseen","potentialAction":[{"@type":"SearchAction","target":{"@type":"EntryPoint","urlTemplate":"https:\/\/www.piipposhop.com\/en\/?s={search_term_string}"},"query-input":{"@type":"PropertyValueSpecification","valueRequired":true,"valueName":"search_term_string"}}],"inLanguage":"en-US"}]}},"_links":{"self":[{"href":"https:\/\/www.piipposhop.com\/en\/wp-json\/wp\/v2\/product\/2168","targetHints":{"allow":["GET"]}}],"collection":[{"href":"https:\/\/www.piipposhop.com\/en\/wp-json\/wp\/v2\/product"}],"about":[{"href":"https:\/\/www.piipposhop.com\/en\/wp-json\/wp\/v2\/types\/product"}],"wp:featuredmedia":[{"embeddable":true,"href":"https:\/\/www.piipposhop.com\/en\/wp-json\/wp\/v2\/media\/1448"}],"wp:attachment":[{"href":"https:\/\/www.piipposhop.com\/en\/wp-json\/wp\/v2\/media?parent=2168"}],"wp:term":[{"taxonomy":"product_brand","embeddable":true,"href":"https:\/\/www.piipposhop.com\/en\/wp-json\/wp\/v2\/product_brand?post=2168"},{"taxonomy":"product_cat","embeddable":true,"href":"https:\/\/www.piipposhop.com\/en\/wp-json\/wp\/v2\/product_cat?post=2168"},{"taxonomy":"product_tag","embeddable":true,"href":"https:\/\/www.piipposhop.com\/en\/wp-json\/wp\/v2\/product_tag?post=2168"}],"curies":[{"name":"wp","href":"https:\/\/api.w.org\/{rel}","templated":true}]}}