{"id":2083,"date":"2022-02-04T13:38:44","date_gmt":"2022-02-09T11:57:01","guid":{"rendered":"https:\/\/www.piipposhop.com\/?post_type=product&#038;p=2083"},"modified":"2024-02-10T10:14:28","modified_gmt":"2024-02-10T08:14:28","slug":"rolleri-braided-polyethylene-many-diameters","status":"publish","type":"product","link":"https:\/\/www.piipposhop.com\/en\/product\/rolleri-braided-polyethylene-many-diameters\/","title":{"rendered":"Rolleri braided polyethylene, many diameters"},"content":{"rendered":"","protected":false},"excerpt":{"rendered":"<p>Excellent for lining purposes.<\/p>\n","protected":false},"featured_media":1039,"template":"","meta":[],"product_brand":[],"product_cat":[23],"product_tag":[],"class_list":{"0":"post-2083","1":"product","2":"type-product","3":"status-publish","4":"has-post-thumbnail","6":"product_cat-piippo-new","8":"first","9":"outofstock","10":"taxable","11":"shipping-taxable","12":"product-type-variable","13":"has-default-attributes"},"yoast_head":"<!-- This site is optimized with the Yoast SEO plugin v27.2 - https:\/\/yoast.com\/product\/yoast-seo-wordpress\/ -->\n<title>Rolleri braided polyethylene, many diameters - PiippoShop | Manilla Oy<\/title>\n<meta name=\"robots\" content=\"index, follow, max-snippet:-1, max-image-preview:large, max-video-preview:-1\" \/>\n<link rel=\"canonical\" href=\"https:\/\/www.piipposhop.com\/en\/product\/rolleri-braided-polyethylene-many-diameters\/\" \/>\n<meta property=\"og:locale\" content=\"en_US\" \/>\n<meta property=\"og:type\" content=\"article\" \/>\n<meta property=\"og:title\" content=\"Rolleri braided polyethylene, many diameters - PiippoShop | Manilla Oy\" \/>\n<meta property=\"og:description\" content=\"Excellent for lining purposes.\" \/>\n<meta property=\"og:url\" content=\"https:\/\/www.piipposhop.com\/en\/product\/rolleri-braided-polyethylene-many-diameters\/\" \/>\n<meta property=\"og:site_name\" content=\"PiippoShop | Manilla Oy\" \/>\n<meta property=\"article:modified_time\" content=\"2024-02-10T08:14:28+00:00\" \/>\n<meta property=\"og:image\" content=\"https:\/\/www.piipposhop.com\/content\/uploads\/2022\/02\/6408586580048_959-scaled.jpg\" \/>\n\t<meta property=\"og:image:width\" content=\"2560\" \/>\n\t<meta property=\"og:image:height\" content=\"1707\" \/>\n\t<meta property=\"og:image:type\" content=\"image\/jpeg\" \/>\n<meta name=\"twitter:card\" content=\"summary_large_image\" \/>\n<script type=\"application\/ld+json\" class=\"yoast-schema-graph\">{\"@context\":\"https:\/\/schema.org\",\"@graph\":[{\"@type\":\"WebPage\",\"@id\":\"https:\/\/www.piipposhop.com\/en\/product\/rolleri-braided-polyethylene-many-diameters\/\",\"url\":\"https:\/\/www.piipposhop.com\/en\/product\/rolleri-braided-polyethylene-many-diameters\/\",\"name\":\"Rolleri braided polyethylene, many diameters - PiippoShop | Manilla Oy\",\"isPartOf\":{\"@id\":\"https:\/\/www.piipposhop.com\/en\/#website\"},\"primaryImageOfPage\":{\"@id\":\"https:\/\/www.piipposhop.com\/en\/product\/rolleri-braided-polyethylene-many-diameters\/#primaryimage\"},\"image\":{\"@id\":\"https:\/\/www.piipposhop.com\/en\/product\/rolleri-braided-polyethylene-many-diameters\/#primaryimage\"},\"thumbnailUrl\":\"https:\/\/www.piipposhop.com\/content\/uploads\/2022\/02\/6408586580048_959-scaled.jpg\",\"datePublished\":\"2022-02-09T11:57:01+00:00\",\"dateModified\":\"2024-02-10T08:14:28+00:00\",\"breadcrumb\":{\"@id\":\"https:\/\/www.piipposhop.com\/en\/product\/rolleri-braided-polyethylene-many-diameters\/#breadcrumb\"},\"inLanguage\":\"en-US\",\"potentialAction\":[{\"@type\":\"ReadAction\",\"target\":[\"https:\/\/www.piipposhop.com\/en\/product\/rolleri-braided-polyethylene-many-diameters\/\"]}]},{\"@type\":\"ImageObject\",\"inLanguage\":\"en-US\",\"@id\":\"https:\/\/www.piipposhop.com\/en\/product\/rolleri-braided-polyethylene-many-diameters\/#primaryimage\",\"url\":\"https:\/\/www.piipposhop.com\/content\/uploads\/2022\/02\/6408586580048_959-scaled.jpg\",\"contentUrl\":\"https:\/\/www.piipposhop.com\/content\/uploads\/2022\/02\/6408586580048_959-scaled.jpg\",\"width\":2560,\"height\":1707,\"caption\":\"linjak\u00f6ysi, rajausk\u00f6ysi, rakennusk\u00f6ysi - Piipposhop\"},{\"@type\":\"BreadcrumbList\",\"@id\":\"https:\/\/www.piipposhop.com\/en\/product\/rolleri-braided-polyethylene-many-diameters\/#breadcrumb\",\"itemListElement\":[{\"@type\":\"ListItem\",\"position\":1,\"name\":\"Frontpage\",\"item\":\"https:\/\/www.piipposhop.com\/en\/\"},{\"@type\":\"ListItem\",\"position\":2,\"name\":\"Products\",\"item\":\"https:\/\/www.piipposhop.com\/en\/products\/\"},{\"@type\":\"ListItem\",\"position\":3,\"name\":\"Rolleri\u2122\",\"item\":\"https:\/\/www.piipposhop.com\/en\/product-category\/rolleri\/\"},{\"@type\":\"ListItem\",\"position\":4,\"name\":\"Rolleri braided polyethylene, many diameters\"}]},{\"@type\":\"WebSite\",\"@id\":\"https:\/\/www.piipposhop.com\/en\/#website\",\"url\":\"https:\/\/www.piipposhop.com\/en\/\",\"name\":\"PiippoShop | Manilla Oy\",\"description\":\"Yli 350 tuotetta sitomiseen, kiinnitt\u00e4miseen ja nostamiseen\",\"potentialAction\":[{\"@type\":\"SearchAction\",\"target\":{\"@type\":\"EntryPoint\",\"urlTemplate\":\"https:\/\/www.piipposhop.com\/en\/?s={search_term_string}\"},\"query-input\":{\"@type\":\"PropertyValueSpecification\",\"valueRequired\":true,\"valueName\":\"search_term_string\"}}],\"inLanguage\":\"en-US\"}]}<\/script>\n<!-- \/ Yoast SEO plugin. -->","yoast_head_json":{"title":"Rolleri braided polyethylene, many diameters - PiippoShop | Manilla Oy","robots":{"index":"index","follow":"follow","max-snippet":"max-snippet:-1","max-image-preview":"max-image-preview:large","max-video-preview":"max-video-preview:-1"},"canonical":"https:\/\/www.piipposhop.com\/en\/product\/rolleri-braided-polyethylene-many-diameters\/","og_locale":"en_US","og_type":"article","og_title":"Rolleri braided polyethylene, many diameters - PiippoShop | Manilla Oy","og_description":"Excellent for lining purposes.","og_url":"https:\/\/www.piipposhop.com\/en\/product\/rolleri-braided-polyethylene-many-diameters\/","og_site_name":"PiippoShop | Manilla Oy","article_modified_time":"2024-02-10T08:14:28+00:00","og_image":[{"width":2560,"height":1707,"url":"https:\/\/www.piipposhop.com\/content\/uploads\/2022\/02\/6408586580048_959-scaled.jpg","type":"image\/jpeg"}],"twitter_card":"summary_large_image","schema":{"@context":"https:\/\/schema.org","@graph":[{"@type":"WebPage","@id":"https:\/\/www.piipposhop.com\/en\/product\/rolleri-braided-polyethylene-many-diameters\/","url":"https:\/\/www.piipposhop.com\/en\/product\/rolleri-braided-polyethylene-many-diameters\/","name":"Rolleri braided polyethylene, many diameters - PiippoShop | Manilla Oy","isPartOf":{"@id":"https:\/\/www.piipposhop.com\/en\/#website"},"primaryImageOfPage":{"@id":"https:\/\/www.piipposhop.com\/en\/product\/rolleri-braided-polyethylene-many-diameters\/#primaryimage"},"image":{"@id":"https:\/\/www.piipposhop.com\/en\/product\/rolleri-braided-polyethylene-many-diameters\/#primaryimage"},"thumbnailUrl":"https:\/\/www.piipposhop.com\/content\/uploads\/2022\/02\/6408586580048_959-scaled.jpg","datePublished":"2022-02-09T11:57:01+00:00","dateModified":"2024-02-10T08:14:28+00:00","breadcrumb":{"@id":"https:\/\/www.piipposhop.com\/en\/product\/rolleri-braided-polyethylene-many-diameters\/#breadcrumb"},"inLanguage":"en-US","potentialAction":[{"@type":"ReadAction","target":["https:\/\/www.piipposhop.com\/en\/product\/rolleri-braided-polyethylene-many-diameters\/"]}]},{"@type":"ImageObject","inLanguage":"en-US","@id":"https:\/\/www.piipposhop.com\/en\/product\/rolleri-braided-polyethylene-many-diameters\/#primaryimage","url":"https:\/\/www.piipposhop.com\/content\/uploads\/2022\/02\/6408586580048_959-scaled.jpg","contentUrl":"https:\/\/www.piipposhop.com\/content\/uploads\/2022\/02\/6408586580048_959-scaled.jpg","width":2560,"height":1707,"caption":"linjak\u00f6ysi, rajausk\u00f6ysi, rakennusk\u00f6ysi - Piipposhop"},{"@type":"BreadcrumbList","@id":"https:\/\/www.piipposhop.com\/en\/product\/rolleri-braided-polyethylene-many-diameters\/#breadcrumb","itemListElement":[{"@type":"ListItem","position":1,"name":"Frontpage","item":"https:\/\/www.piipposhop.com\/en\/"},{"@type":"ListItem","position":2,"name":"Products","item":"https:\/\/www.piipposhop.com\/en\/products\/"},{"@type":"ListItem","position":3,"name":"Rolleri\u2122","item":"https:\/\/www.piipposhop.com\/en\/product-category\/rolleri\/"},{"@type":"ListItem","position":4,"name":"Rolleri braided polyethylene, many diameters"}]},{"@type":"WebSite","@id":"https:\/\/www.piipposhop.com\/en\/#website","url":"https:\/\/www.piipposhop.com\/en\/","name":"PiippoShop | Manilla Oy","description":"Yli 350 tuotetta sitomiseen, kiinnitt\u00e4miseen ja nostamiseen","potentialAction":[{"@type":"SearchAction","target":{"@type":"EntryPoint","urlTemplate":"https:\/\/www.piipposhop.com\/en\/?s={search_term_string}"},"query-input":{"@type":"PropertyValueSpecification","valueRequired":true,"valueName":"search_term_string"}}],"inLanguage":"en-US"}]}},"_links":{"self":[{"href":"https:\/\/www.piipposhop.com\/en\/wp-json\/wp\/v2\/product\/2083","targetHints":{"allow":["GET"]}}],"collection":[{"href":"https:\/\/www.piipposhop.com\/en\/wp-json\/wp\/v2\/product"}],"about":[{"href":"https:\/\/www.piipposhop.com\/en\/wp-json\/wp\/v2\/types\/product"}],"wp:featuredmedia":[{"embeddable":true,"href":"https:\/\/www.piipposhop.com\/en\/wp-json\/wp\/v2\/media\/1039"}],"wp:attachment":[{"href":"https:\/\/www.piipposhop.com\/en\/wp-json\/wp\/v2\/media?parent=2083"}],"wp:term":[{"taxonomy":"product_brand","embeddable":true,"href":"https:\/\/www.piipposhop.com\/en\/wp-json\/wp\/v2\/product_brand?post=2083"},{"taxonomy":"product_cat","embeddable":true,"href":"https:\/\/www.piipposhop.com\/en\/wp-json\/wp\/v2\/product_cat?post=2083"},{"taxonomy":"product_tag","embeddable":true,"href":"https:\/\/www.piipposhop.com\/en\/wp-json\/wp\/v2\/product_tag?post=2083"}],"curies":[{"name":"wp","href":"https:\/\/api.w.org\/{rel}","templated":true}]}}