{"id":13282,"date":"2025-03-14T14:06:02","date_gmt":"2025-03-14T12:06:02","guid":{"rendered":"https:\/\/www.piipposhop.com\/tuote\/yleiskoysi-veneilyyn-lenkilla-8mm-x-3m\/"},"modified":"2025-03-14T14:09:44","modified_gmt":"2025-03-14T12:09:44","slug":"rope-for-boating-with-a-loop-8mm-x-3m","status":"publish","type":"product","link":"https:\/\/www.piipposhop.com\/en\/product\/rope-for-boating-with-a-loop-8mm-x-3m\/","title":{"rendered":"Rope for boating with a loop 8mm x 3m"},"content":{"rendered":"<p>Tyylik\u00e4s laivastonsininen kaksoispalmikoitu uppoava polyesterik\u00f6ysi vahvalla UV-suojalla. K\u00f6yden vetomurtolujuus puolittuu voimakkaassa UV-valossa kymmeness\u00e4 vuodessa. Voidaan k\u00e4ytt\u00e4\u00e4 pienen soutuveneen kiinnitt\u00e4miseksi laituriin tai isomman veneen lepuuttajank\u00f6yten\u00e4, silloin kun tarvitaan suurempaa s\u00e4\u00e4t\u00f6varaa. K\u00f6yden toisen p\u00e4\u00e4n lenkin kesto on ommelten vuoksi jopa k\u00f6ydenkin vetomurtolujuutta voimakkaampi! Paksuus 8mm, pituus 3m.<\/p>\n","protected":false},"excerpt":{"rendered":"<p>Kaksoispalmikoidusta laadukkaasta polyesterist\u00e4 valmistettu veneilyn yleisk\u00f6ysi.<\/p>\n","protected":false},"featured_media":13270,"template":"","meta":[],"product_brand":[],"product_cat":[757],"product_tag":[759,761,682],"class_list":{"0":"post-13282","1":"product","2":"type-product","3":"status-publish","4":"has-post-thumbnail","6":"product_cat-boating","7":"product_tag-kiinnityskoysi-en","8":"product_tag-lenkki-en","9":"product_tag-sinking","11":"first","12":"instock","13":"taxable","14":"shipping-taxable","15":"purchasable","16":"product-type-simple"},"yoast_head":"<!-- This site is optimized with the Yoast SEO plugin v27.4 - https:\/\/yoast.com\/product\/yoast-seo-wordpress\/ -->\n<title>Rope for boating with a loop 8mm x 3m - PiippoShop | Manilla Oy<\/title>\n<meta name=\"robots\" content=\"index, follow, max-snippet:-1, max-image-preview:large, max-video-preview:-1\" \/>\n<link rel=\"canonical\" href=\"https:\/\/www.piipposhop.com\/en\/product\/rope-for-boating-with-a-loop-8mm-x-3m\/\" \/>\n<meta property=\"og:locale\" content=\"en_US\" \/>\n<meta property=\"og:type\" content=\"article\" \/>\n<meta property=\"og:title\" content=\"Rope for boating with a loop 8mm x 3m - PiippoShop | Manilla Oy\" \/>\n<meta property=\"og:description\" content=\"Kaksoispalmikoidusta laadukkaasta polyesterist\u00e4 valmistettu veneilyn yleisk\u00f6ysi.\" \/>\n<meta property=\"og:url\" content=\"https:\/\/www.piipposhop.com\/en\/product\/rope-for-boating-with-a-loop-8mm-x-3m\/\" \/>\n<meta property=\"og:site_name\" content=\"PiippoShop | Manilla Oy\" \/>\n<meta property=\"article:modified_time\" content=\"2025-03-14T12:09:44+00:00\" \/>\n<meta property=\"og:image\" content=\"https:\/\/www.piipposhop.com\/content\/uploads\/2025\/03\/6408586556036-1024x683.png\" \/>\n\t<meta property=\"og:image:width\" content=\"1024\" \/>\n\t<meta property=\"og:image:height\" content=\"683\" \/>\n\t<meta property=\"og:image:type\" content=\"image\/png\" \/>\n<meta name=\"twitter:card\" content=\"summary_large_image\" \/>\n<script type=\"application\/ld+json\" class=\"yoast-schema-graph\">{\"@context\":\"https:\\\/\\\/schema.org\",\"@graph\":[{\"@type\":\"WebPage\",\"@id\":\"https:\\\/\\\/www.piipposhop.com\\\/en\\\/product\\\/rope-for-boating-with-a-loop-8mm-x-3m\\\/\",\"url\":\"https:\\\/\\\/www.piipposhop.com\\\/en\\\/product\\\/rope-for-boating-with-a-loop-8mm-x-3m\\\/\",\"name\":\"Rope for boating with a loop 8mm x 3m - PiippoShop | Manilla Oy\",\"isPartOf\":{\"@id\":\"https:\\\/\\\/www.piipposhop.com\\\/en\\\/#website\"},\"primaryImageOfPage\":{\"@id\":\"https:\\\/\\\/www.piipposhop.com\\\/en\\\/product\\\/rope-for-boating-with-a-loop-8mm-x-3m\\\/#primaryimage\"},\"image\":{\"@id\":\"https:\\\/\\\/www.piipposhop.com\\\/en\\\/product\\\/rope-for-boating-with-a-loop-8mm-x-3m\\\/#primaryimage\"},\"thumbnailUrl\":\"https:\\\/\\\/www.piipposhop.com\\\/content\\\/uploads\\\/2025\\\/03\\\/6408586556036.png\",\"datePublished\":\"2025-03-14T12:06:02+00:00\",\"dateModified\":\"2025-03-14T12:09:44+00:00\",\"breadcrumb\":{\"@id\":\"https:\\\/\\\/www.piipposhop.com\\\/en\\\/product\\\/rope-for-boating-with-a-loop-8mm-x-3m\\\/#breadcrumb\"},\"inLanguage\":\"en-US\",\"potentialAction\":[{\"@type\":\"ReadAction\",\"target\":[\"https:\\\/\\\/www.piipposhop.com\\\/en\\\/product\\\/rope-for-boating-with-a-loop-8mm-x-3m\\\/\"]}]},{\"@type\":\"ImageObject\",\"inLanguage\":\"en-US\",\"@id\":\"https:\\\/\\\/www.piipposhop.com\\\/en\\\/product\\\/rope-for-boating-with-a-loop-8mm-x-3m\\\/#primaryimage\",\"url\":\"https:\\\/\\\/www.piipposhop.com\\\/content\\\/uploads\\\/2025\\\/03\\\/6408586556036.png\",\"contentUrl\":\"https:\\\/\\\/www.piipposhop.com\\\/content\\\/uploads\\\/2025\\\/03\\\/6408586556036.png\",\"width\":4272,\"height\":2848},{\"@type\":\"BreadcrumbList\",\"@id\":\"https:\\\/\\\/www.piipposhop.com\\\/en\\\/product\\\/rope-for-boating-with-a-loop-8mm-x-3m\\\/#breadcrumb\",\"itemListElement\":[{\"@type\":\"ListItem\",\"position\":1,\"name\":\"Frontpage\",\"item\":\"https:\\\/\\\/www.piipposhop.com\\\/en\\\/\"},{\"@type\":\"ListItem\",\"position\":2,\"name\":\"Products\",\"item\":\"https:\\\/\\\/www.piipposhop.com\\\/en\\\/products\\\/\"},{\"@type\":\"ListItem\",\"position\":3,\"name\":\"Boating\",\"item\":\"https:\\\/\\\/www.piipposhop.com\\\/en\\\/product-category\\\/boating\\\/\"},{\"@type\":\"ListItem\",\"position\":4,\"name\":\"Rope for boating with a loop 8mm x 3m\"}]},{\"@type\":\"WebSite\",\"@id\":\"https:\\\/\\\/www.piipposhop.com\\\/en\\\/#website\",\"url\":\"https:\\\/\\\/www.piipposhop.com\\\/en\\\/\",\"name\":\"PiippoShop | Manilla Oy\",\"description\":\"Yli 350 tuotetta sitomiseen, kiinnitt\u00e4miseen ja nostamiseen\",\"potentialAction\":[{\"@type\":\"SearchAction\",\"target\":{\"@type\":\"EntryPoint\",\"urlTemplate\":\"https:\\\/\\\/www.piipposhop.com\\\/en\\\/?s={search_term_string}\"},\"query-input\":{\"@type\":\"PropertyValueSpecification\",\"valueRequired\":true,\"valueName\":\"search_term_string\"}}],\"inLanguage\":\"en-US\"}]}<\/script>\n<!-- \/ Yoast SEO plugin. -->","yoast_head_json":{"title":"Rope for boating with a loop 8mm x 3m - PiippoShop | Manilla Oy","robots":{"index":"index","follow":"follow","max-snippet":"max-snippet:-1","max-image-preview":"max-image-preview:large","max-video-preview":"max-video-preview:-1"},"canonical":"https:\/\/www.piipposhop.com\/en\/product\/rope-for-boating-with-a-loop-8mm-x-3m\/","og_locale":"en_US","og_type":"article","og_title":"Rope for boating with a loop 8mm x 3m - PiippoShop | Manilla Oy","og_description":"Kaksoispalmikoidusta laadukkaasta polyesterist\u00e4 valmistettu veneilyn yleisk\u00f6ysi.","og_url":"https:\/\/www.piipposhop.com\/en\/product\/rope-for-boating-with-a-loop-8mm-x-3m\/","og_site_name":"PiippoShop | Manilla Oy","article_modified_time":"2025-03-14T12:09:44+00:00","og_image":[{"width":1024,"height":683,"url":"https:\/\/www.piipposhop.com\/content\/uploads\/2025\/03\/6408586556036-1024x683.png","type":"image\/png"}],"twitter_card":"summary_large_image","schema":{"@context":"https:\/\/schema.org","@graph":[{"@type":"WebPage","@id":"https:\/\/www.piipposhop.com\/en\/product\/rope-for-boating-with-a-loop-8mm-x-3m\/","url":"https:\/\/www.piipposhop.com\/en\/product\/rope-for-boating-with-a-loop-8mm-x-3m\/","name":"Rope for boating with a loop 8mm x 3m - PiippoShop | Manilla Oy","isPartOf":{"@id":"https:\/\/www.piipposhop.com\/en\/#website"},"primaryImageOfPage":{"@id":"https:\/\/www.piipposhop.com\/en\/product\/rope-for-boating-with-a-loop-8mm-x-3m\/#primaryimage"},"image":{"@id":"https:\/\/www.piipposhop.com\/en\/product\/rope-for-boating-with-a-loop-8mm-x-3m\/#primaryimage"},"thumbnailUrl":"https:\/\/www.piipposhop.com\/content\/uploads\/2025\/03\/6408586556036.png","datePublished":"2025-03-14T12:06:02+00:00","dateModified":"2025-03-14T12:09:44+00:00","breadcrumb":{"@id":"https:\/\/www.piipposhop.com\/en\/product\/rope-for-boating-with-a-loop-8mm-x-3m\/#breadcrumb"},"inLanguage":"en-US","potentialAction":[{"@type":"ReadAction","target":["https:\/\/www.piipposhop.com\/en\/product\/rope-for-boating-with-a-loop-8mm-x-3m\/"]}]},{"@type":"ImageObject","inLanguage":"en-US","@id":"https:\/\/www.piipposhop.com\/en\/product\/rope-for-boating-with-a-loop-8mm-x-3m\/#primaryimage","url":"https:\/\/www.piipposhop.com\/content\/uploads\/2025\/03\/6408586556036.png","contentUrl":"https:\/\/www.piipposhop.com\/content\/uploads\/2025\/03\/6408586556036.png","width":4272,"height":2848},{"@type":"BreadcrumbList","@id":"https:\/\/www.piipposhop.com\/en\/product\/rope-for-boating-with-a-loop-8mm-x-3m\/#breadcrumb","itemListElement":[{"@type":"ListItem","position":1,"name":"Frontpage","item":"https:\/\/www.piipposhop.com\/en\/"},{"@type":"ListItem","position":2,"name":"Products","item":"https:\/\/www.piipposhop.com\/en\/products\/"},{"@type":"ListItem","position":3,"name":"Boating","item":"https:\/\/www.piipposhop.com\/en\/product-category\/boating\/"},{"@type":"ListItem","position":4,"name":"Rope for boating with a loop 8mm x 3m"}]},{"@type":"WebSite","@id":"https:\/\/www.piipposhop.com\/en\/#website","url":"https:\/\/www.piipposhop.com\/en\/","name":"PiippoShop | Manilla Oy","description":"Yli 350 tuotetta sitomiseen, kiinnitt\u00e4miseen ja nostamiseen","potentialAction":[{"@type":"SearchAction","target":{"@type":"EntryPoint","urlTemplate":"https:\/\/www.piipposhop.com\/en\/?s={search_term_string}"},"query-input":{"@type":"PropertyValueSpecification","valueRequired":true,"valueName":"search_term_string"}}],"inLanguage":"en-US"}]}},"_links":{"self":[{"href":"https:\/\/www.piipposhop.com\/en\/wp-json\/wp\/v2\/product\/13282","targetHints":{"allow":["GET"]}}],"collection":[{"href":"https:\/\/www.piipposhop.com\/en\/wp-json\/wp\/v2\/product"}],"about":[{"href":"https:\/\/www.piipposhop.com\/en\/wp-json\/wp\/v2\/types\/product"}],"wp:featuredmedia":[{"embeddable":true,"href":"https:\/\/www.piipposhop.com\/en\/wp-json\/wp\/v2\/media\/13270"}],"wp:attachment":[{"href":"https:\/\/www.piipposhop.com\/en\/wp-json\/wp\/v2\/media?parent=13282"}],"wp:term":[{"taxonomy":"product_brand","embeddable":true,"href":"https:\/\/www.piipposhop.com\/en\/wp-json\/wp\/v2\/product_brand?post=13282"},{"taxonomy":"product_cat","embeddable":true,"href":"https:\/\/www.piipposhop.com\/en\/wp-json\/wp\/v2\/product_cat?post=13282"},{"taxonomy":"product_tag","embeddable":true,"href":"https:\/\/www.piipposhop.com\/en\/wp-json\/wp\/v2\/product_tag?post=13282"}],"curies":[{"name":"wp","href":"https:\/\/api.w.org\/{rel}","templated":true}]}}