{"id":176,"date":"2022-01-20T10:40:22","date_gmt":"2022-01-20T08:40:22","guid":{"rendered":"https:\/\/www.piipposhop.com\/yritys\/"},"modified":"2025-11-03T10:00:04","modified_gmt":"2025-11-03T08:00:04","slug":"company","status":"publish","type":"page","link":"https:\/\/www.piipposhop.com\/en\/company\/","title":{"rendered":"Company"},"content":{"rendered":"<h2>Manilla Oy<\/h2>\n<p>In it&#8217;s current form Manilla Oy was born on 1.1.2019, but has it&#8217;s roots deep in Finnish history. Oy Manilla Ab was located in Turku by the river Aura, and was the oldest rope factory in Finland. As a memory from these times, there is the old Manilla property that is currently being used as a museum centre. In year 1999 current Piippo Oyj, bought Manilla Ab, and integrated Manilla Ab&#8217;s functions as part of its&#8217; business, and functions from Rym\u00e4ttyl\u00e4, and Turku, were moved to Sysm\u00e4j\u00e4rventie 3 in Outokumpu. Manilla was Piippo Oyj&#8217;s auxiliary company name till year 2018 till Manilla Oyj was born.<\/p>\n<p>On 1.1.2019 Piippo Oyj&#8217;s consumer business (ropes, and twines) was transferred to newly born Manilla Oy. Manilla Oy sells ropes, and twines, with help of more than a 1000 resellers, and online store.<\/p>\n","protected":false},"excerpt":{"rendered":"<p>Manilla Oy In it&#8217;s current form Manilla Oy was born on 1.1.2019, but has it&#8217;s roots deep in Finnish history. Oy Manilla Ab was located&#8230;<\/p>\n","protected":false},"author":1,"featured_media":0,"parent":0,"menu_order":0,"comment_status":"closed","ping_status":"closed","template":"","meta":{"footnotes":""},"class_list":["post-176","page","type-page","status-publish","hentry"],"yoast_head":"<!-- This site is optimized with the Yoast SEO plugin v27.4 - https:\/\/yoast.com\/product\/yoast-seo-wordpress\/ -->\n<title>Company - PiippoShop | Manilla Oy<\/title>\n<meta name=\"robots\" content=\"index, follow, max-snippet:-1, max-image-preview:large, max-video-preview:-1\" \/>\n<link rel=\"canonical\" href=\"https:\/\/www.piipposhop.com\/en\/company\/\" \/>\n<meta property=\"og:locale\" content=\"en_US\" \/>\n<meta property=\"og:type\" content=\"article\" \/>\n<meta property=\"og:title\" content=\"Company - PiippoShop | Manilla Oy\" \/>\n<meta property=\"og:description\" content=\"Manilla Oy In it&#8217;s current form Manilla Oy was born on 1.1.2019, but has it&#8217;s roots deep in Finnish history. Oy Manilla Ab was located...\" \/>\n<meta property=\"og:url\" content=\"https:\/\/www.piipposhop.com\/en\/company\/\" \/>\n<meta property=\"og:site_name\" content=\"PiippoShop | Manilla Oy\" \/>\n<meta property=\"article:modified_time\" content=\"2025-11-03T08:00:04+00:00\" \/>\n<meta property=\"og:image\" content=\"https:\/\/www.piipposhop.com\/content\/uploads\/2022\/03\/some-jako_FB_1200x630px.jpg\" \/>\n\t<meta property=\"og:image:width\" content=\"1200\" \/>\n\t<meta property=\"og:image:height\" content=\"630\" \/>\n\t<meta property=\"og:image:type\" content=\"image\/jpeg\" \/>\n<meta name=\"twitter:card\" content=\"summary_large_image\" \/>\n<meta name=\"twitter:label1\" content=\"Est. reading time\" \/>\n\t<meta name=\"twitter:data1\" content=\"1 minute\" \/>\n<script type=\"application\/ld+json\" class=\"yoast-schema-graph\">{\"@context\":\"https:\\\/\\\/schema.org\",\"@graph\":[{\"@type\":\"WebPage\",\"@id\":\"https:\\\/\\\/www.piipposhop.com\\\/en\\\/company\\\/\",\"url\":\"https:\\\/\\\/www.piipposhop.com\\\/en\\\/company\\\/\",\"name\":\"Company - PiippoShop | Manilla Oy\",\"isPartOf\":{\"@id\":\"https:\\\/\\\/www.piipposhop.com\\\/en\\\/#website\"},\"datePublished\":\"2022-01-20T08:40:22+00:00\",\"dateModified\":\"2025-11-03T08:00:04+00:00\",\"breadcrumb\":{\"@id\":\"https:\\\/\\\/www.piipposhop.com\\\/en\\\/company\\\/#breadcrumb\"},\"inLanguage\":\"en-US\",\"potentialAction\":[{\"@type\":\"ReadAction\",\"target\":[\"https:\\\/\\\/www.piipposhop.com\\\/en\\\/company\\\/\"]}]},{\"@type\":\"BreadcrumbList\",\"@id\":\"https:\\\/\\\/www.piipposhop.com\\\/en\\\/company\\\/#breadcrumb\",\"itemListElement\":[{\"@type\":\"ListItem\",\"position\":1,\"name\":\"Frontpage\",\"item\":\"https:\\\/\\\/www.piipposhop.com\\\/en\\\/\"},{\"@type\":\"ListItem\",\"position\":2,\"name\":\"Company\"}]},{\"@type\":\"WebSite\",\"@id\":\"https:\\\/\\\/www.piipposhop.com\\\/en\\\/#website\",\"url\":\"https:\\\/\\\/www.piipposhop.com\\\/en\\\/\",\"name\":\"PiippoShop | Manilla Oy\",\"description\":\"Yli 350 tuotetta sitomiseen, kiinnitt\u00e4miseen ja nostamiseen\",\"potentialAction\":[{\"@type\":\"SearchAction\",\"target\":{\"@type\":\"EntryPoint\",\"urlTemplate\":\"https:\\\/\\\/www.piipposhop.com\\\/en\\\/?s={search_term_string}\"},\"query-input\":{\"@type\":\"PropertyValueSpecification\",\"valueRequired\":true,\"valueName\":\"search_term_string\"}}],\"inLanguage\":\"en-US\"}]}<\/script>\n<!-- \/ Yoast SEO plugin. -->","yoast_head_json":{"title":"Company - PiippoShop | Manilla Oy","robots":{"index":"index","follow":"follow","max-snippet":"max-snippet:-1","max-image-preview":"max-image-preview:large","max-video-preview":"max-video-preview:-1"},"canonical":"https:\/\/www.piipposhop.com\/en\/company\/","og_locale":"en_US","og_type":"article","og_title":"Company - PiippoShop | Manilla Oy","og_description":"Manilla Oy In it&#8217;s current form Manilla Oy was born on 1.1.2019, but has it&#8217;s roots deep in Finnish history. Oy Manilla Ab was located...","og_url":"https:\/\/www.piipposhop.com\/en\/company\/","og_site_name":"PiippoShop | Manilla Oy","article_modified_time":"2025-11-03T08:00:04+00:00","og_image":[{"width":1200,"height":630,"url":"https:\/\/www.piipposhop.com\/content\/uploads\/2022\/03\/some-jako_FB_1200x630px.jpg","type":"image\/jpeg"}],"twitter_card":"summary_large_image","twitter_misc":{"Est. reading time":"1 minute"},"schema":{"@context":"https:\/\/schema.org","@graph":[{"@type":"WebPage","@id":"https:\/\/www.piipposhop.com\/en\/company\/","url":"https:\/\/www.piipposhop.com\/en\/company\/","name":"Company - PiippoShop | Manilla Oy","isPartOf":{"@id":"https:\/\/www.piipposhop.com\/en\/#website"},"datePublished":"2022-01-20T08:40:22+00:00","dateModified":"2025-11-03T08:00:04+00:00","breadcrumb":{"@id":"https:\/\/www.piipposhop.com\/en\/company\/#breadcrumb"},"inLanguage":"en-US","potentialAction":[{"@type":"ReadAction","target":["https:\/\/www.piipposhop.com\/en\/company\/"]}]},{"@type":"BreadcrumbList","@id":"https:\/\/www.piipposhop.com\/en\/company\/#breadcrumb","itemListElement":[{"@type":"ListItem","position":1,"name":"Frontpage","item":"https:\/\/www.piipposhop.com\/en\/"},{"@type":"ListItem","position":2,"name":"Company"}]},{"@type":"WebSite","@id":"https:\/\/www.piipposhop.com\/en\/#website","url":"https:\/\/www.piipposhop.com\/en\/","name":"PiippoShop | Manilla Oy","description":"Yli 350 tuotetta sitomiseen, kiinnitt\u00e4miseen ja nostamiseen","potentialAction":[{"@type":"SearchAction","target":{"@type":"EntryPoint","urlTemplate":"https:\/\/www.piipposhop.com\/en\/?s={search_term_string}"},"query-input":{"@type":"PropertyValueSpecification","valueRequired":true,"valueName":"search_term_string"}}],"inLanguage":"en-US"}]}},"_links":{"self":[{"href":"https:\/\/www.piipposhop.com\/en\/wp-json\/wp\/v2\/pages\/176","targetHints":{"allow":["GET"]}}],"collection":[{"href":"https:\/\/www.piipposhop.com\/en\/wp-json\/wp\/v2\/pages"}],"about":[{"href":"https:\/\/www.piipposhop.com\/en\/wp-json\/wp\/v2\/types\/page"}],"author":[{"embeddable":true,"href":"https:\/\/www.piipposhop.com\/en\/wp-json\/wp\/v2\/users\/1"}],"replies":[{"embeddable":true,"href":"https:\/\/www.piipposhop.com\/en\/wp-json\/wp\/v2\/comments?post=176"}],"version-history":[{"count":3,"href":"https:\/\/www.piipposhop.com\/en\/wp-json\/wp\/v2\/pages\/176\/revisions"}],"predecessor-version":[{"id":19461,"href":"https:\/\/www.piipposhop.com\/en\/wp-json\/wp\/v2\/pages\/176\/revisions\/19461"}],"wp:attachment":[{"href":"https:\/\/www.piipposhop.com\/en\/wp-json\/wp\/v2\/media?parent=176"}],"curies":[{"name":"wp","href":"https:\/\/api.w.org\/{rel}","templated":true}]}}